{"id":51,"date":"2019-09-04T14:32:00","date_gmt":"2019-09-04T14:32:00","guid":{"rendered":"http:\/\/test.laborsl.de\/?page_id=51"},"modified":"2019-09-25T14:22:44","modified_gmt":"2019-09-25T14:22:44","slug":"51-2","status":"publish","type":"page","link":"https:\/\/www.laborsl.de\/?page_id=51","title":{"rendered":"Pr\u00fcfstelle"},"content":{"rendered":"<p>[et_pb_section fb_built=&#8220;1&#8243; fullwidth=&#8220;on&#8220; admin_label=&#8220;Page Header&#8220; _builder_version=&#8220;3.27.4&#8243; background_image=&#8220;http:\/\/test.laborsl.de\/wp-content\/uploads\/2019\/09\/business-08.jpg&#8220; parallax=&#8220;on&#8220; fb_built=&#8220;1&#8243; _i=&#8220;0&#8243; _address=&#8220;0&#8243;][et_pb_fullwidth_header title=&#8220;Pr\u00fcfstelle&#8220; text_orientation=&#8220;center&#8220; admin_label=&#8220;Hero Section&#8220; _builder_version=&#8220;3.29.3&#8243; title_font=&#8220;Montserrat|on|||&#8220; title_font_size=&#8220;60px&#8220; title_line_height=&#8220;1.4em&#8220; content_font_size=&#8220;22px&#8220; content_line_height=&#8220;1.8em&#8220; subhead_font=&#8220;||||&#8220; background_color=&#8220;rgba(0,0,0,0)&#8220; background_enable_image=&#8220;off&#8220; custom_button_one=&#8220;on&#8220; button_one_text_size=&#8220;16px&#8220; button_one_bg_color=&#8220;#6eba01&#8243; button_one_border_width=&#8220;2px&#8220; button_one_border_color=&#8220;#6eba01&#8243; button_one_border_radius=&#8220;0&#8243; button_one_letter_spacing=&#8220;2&#8243; button_one_font=&#8220;Montserrat|||on|&#8220; button_one_use_icon=&#8220;off&#8220; custom_button_two=&#8220;on&#8220; button_two_text_size=&#8220;16px&#8220; button_two_border_width=&#8220;2px&#8220; button_two_border_color=&#8220;#ffffff&#8220; button_two_border_radius=&#8220;0&#8243; button_two_letter_spacing=&#8220;2&#8243; button_two_font=&#8220;Montserrat|||on|&#8220; button_two_use_icon=&#8220;off&#8220; module_alignment=&#8220;left&#8220; hover_enabled=&#8220;0&#8243; button_one_text_color_hover=&#8220;#6eba01&#8243; button_two_text_color_hover=&#8220;#6eba01&#8243; button_one_border_color_hover=&#8220;#ffffff&#8220; button_two_border_color_hover=&#8220;#ffffff&#8220; button_one_border_radius_hover=&#8220;0&#8243; button_two_border_radius_hover=&#8220;0&#8243; button_one_letter_spacing_hover=&#8220;2&#8243; button_two_letter_spacing_hover=&#8220;2&#8243; button_one_bg_color_hover=&#8220;#ffffff&#8220; button_two_bg_color_hover=&#8220;#ffffff&#8220; _i=&#8220;0&#8243; _address=&#8220;0.0&#8243; button_one_text_size__hover_enabled=&#8220;off&#8220; button_two_text_size__hover_enabled=&#8220;off&#8220; button_one_text_color__hover_enabled=&#8220;on&#8220; button_one_text_color__hover=&#8220;#6eba01&#8243; button_two_text_color__hover_enabled=&#8220;on&#8220; button_two_text_color__hover=&#8220;#6eba01&#8243; button_one_border_width__hover_enabled=&#8220;off&#8220; button_two_border_width__hover_enabled=&#8220;off&#8220; button_one_border_color__hover_enabled=&#8220;on&#8220; button_one_border_color__hover=&#8220;#ffffff&#8220; button_two_border_color__hover_enabled=&#8220;on&#8220; button_two_border_color__hover=&#8220;#ffffff&#8220; button_one_border_radius__hover_enabled=&#8220;on&#8220; button_one_border_radius__hover=&#8220;0&#8243; button_two_border_radius__hover_enabled=&#8220;on&#8220; button_two_border_radius__hover=&#8220;0&#8243; button_one_letter_spacing__hover_enabled=&#8220;on&#8220; button_one_letter_spacing__hover=&#8220;2&#8243; button_two_letter_spacing__hover_enabled=&#8220;on&#8220; button_two_letter_spacing__hover=&#8220;2&#8243; button_one_bg_color__hover_enabled=&#8220;on&#8220; button_one_bg_color__hover=&#8220;#ffffff&#8220; button_two_bg_color__hover_enabled=&#8220;on&#8220; button_two_bg_color__hover=&#8220;#ffffff&#8220;][\/et_pb_fullwidth_header][\/et_pb_section][et_pb_section fb_built=&#8220;1&#8243; admin_label=&#8220;Split Section&#8220; _builder_version=&#8220;3.22&#8243; custom_padding=&#8220;0px||0px|&#8220; animation_style=&#8220;fold&#8220; animation_direction=&#8220;bottom&#8220; animation_intensity_fold=&#8220;4%&#8220; fb_built=&#8220;1&#8243; _i=&#8220;1&#8243; _address=&#8220;1&#8243;][et_pb_row column_structure=&#8220;1_2,1_2&#8243; use_custom_gutter=&#8220;on&#8220; gutter_width=&#8220;1&#8243; make_equal=&#8220;on&#8220; module_class=&#8220; et_pb_row_fullwidth&#8220; _builder_version=&#8220;3.27.4&#8243; background_size=&#8220;initial&#8220; background_position=&#8220;top_left&#8220; background_repeat=&#8220;repeat&#8220; width=&#8220;100%&#8220; width_tablet=&#8220;100%&#8220; width_last_edited=&#8220;on|desktop&#8220; max_width=&#8220;100%&#8220; max_width_tablet=&#8220;100%&#8220; max_width_last_edited=&#8220;on|desktop&#8220; custom_margin=&#8220;0px||0px|&#8220; custom_padding=&#8220;0px||0px|&#8220; animation_style=&#8220;flip&#8220; animation_direction=&#8220;right&#8220; animation_intensity_flip=&#8220;20%&#8220; make_fullwidth=&#8220;on&#8220; _i=&#8220;0&#8243; _address=&#8220;1.0&#8243;][et_pb_column type=&#8220;1_2&#8243; _builder_version=&#8220;3.27.4&#8243; use_background_color_gradient=&#8220;on&#8220; background_image=&#8220;http:\/\/test.laborsl.de\/wp-content\/uploads\/2019\/09\/AdobeStock_270955995-1.jpeg&#8220; background_position=&#8220;top_left&#8220; custom_padding=&#8220;|||&#8220; bg_img=&#8220;http:\/\/test.laborsl.de\/wp-content\/uploads\/2019\/09\/business_02.jpg&#8220; _i=&#8220;0&#8243; _address=&#8220;1.0.0&#8243; custom_padding__hover=&#8220;|||&#8220;][\/et_pb_column][et_pb_column type=&#8220;1_2&#8243; _builder_version=&#8220;3.25&#8243; background_position=&#8220;top_left&#8220; custom_padding=&#8220;8%|6%|8%|6%&#8220; padding_bottom=&#8220;8%&#8220; padding_left=&#8220;6%&#8220; padding_right=&#8220;6%&#8220; padding_top=&#8220;8%&#8220; _i=&#8220;1&#8243; _address=&#8220;1.0.1&#8243; custom_padding__hover=&#8220;|||&#8220;][et_pb_cta button_url=&#8220;#&#8220; admin_label=&#8220;Feature 01&#8243; _builder_version=&#8220;3.27.4&#8243; header_font=&#8220;Montserrat||||&#8220; header_text_color=&#8220;#1f1f1f&#8220; header_font_size=&#8220;36&#8243; header_line_height=&#8220;1.4em&#8220; body_font_size=&#8220;16&#8243; body_line_height=&#8220;1.9em&#8220; use_background_color=&#8220;off&#8220; custom_button=&#8220;on&#8220; button_text_size=&#8220;18&#8243; button_text_color=&#8220;#ffffff&#8220; button_bg_color=&#8220;#6eba01&#8243; button_border_color=&#8220;#6eba01&#8243; button_border_radius=&#8220;0&#8243; button_letter_spacing=&#8220;2&#8243; button_font=&#8220;Montserrat|||on|&#8220; button_use_icon=&#8220;off&#8220; text_orientation=&#8220;left&#8220; background_layout=&#8220;light&#8220; max_width=&#8220;450px&#8220; module_alignment=&#8220;left&#8220; custom_margin=&#8220;|||&#8220; custom_padding=&#8220;|||&#8220; animation_style=&#8220;fold&#8220; animation_direction=&#8220;bottom&#8220; animation_intensity_fold=&#8220;15%&#8220; button_text_color_hover=&#8220;#6eba01&#8243; button_border_color_hover=&#8220;#6eba01&#8243; button_border_radius_hover=&#8220;0&#8243; button_letter_spacing_hover=&#8220;2&#8243; button_bg_color_hover=&#8220;rgba(0,0,0,0)&#8220; saved_tabs=&#8220;all&#8220; locked=&#8220;off&#8220; _i=&#8220;0&#8243; _address=&#8220;1.0.1.0&#8243; button_text_size__hover_enabled=&#8220;off&#8220; button_one_text_size__hover_enabled=&#8220;off&#8220; button_two_text_size__hover_enabled=&#8220;off&#8220; button_text_color__hover_enabled=&#8220;on&#8220; button_text_color__hover=&#8220;#6eba01&#8243; button_one_text_color__hover_enabled=&#8220;off&#8220; button_two_text_color__hover_enabled=&#8220;off&#8220; button_border_width__hover_enabled=&#8220;off&#8220; button_one_border_width__hover_enabled=&#8220;off&#8220; button_two_border_width__hover_enabled=&#8220;off&#8220; button_border_color__hover_enabled=&#8220;on&#8220; button_border_color__hover=&#8220;#6eba01&#8243; button_one_border_color__hover_enabled=&#8220;off&#8220; button_two_border_color__hover_enabled=&#8220;off&#8220; button_border_radius__hover_enabled=&#8220;on&#8220; button_border_radius__hover=&#8220;0&#8243; button_one_border_radius__hover_enabled=&#8220;off&#8220; button_two_border_radius__hover_enabled=&#8220;off&#8220; button_letter_spacing__hover_enabled=&#8220;on&#8220; button_letter_spacing__hover=&#8220;2&#8243; button_one_letter_spacing__hover_enabled=&#8220;off&#8220; button_two_letter_spacing__hover_enabled=&#8220;off&#8220; button_bg_color__hover_enabled=&#8220;on&#8220; button_bg_color__hover=&#8220;rgba(0,0,0,0)&#8220; button_one_bg_color__hover_enabled=&#8220;off&#8220; button_two_bg_color__hover_enabled=&#8220;off&#8220;]<\/p>\n<p>Wir sind eine vom <a href=\"http:\/\/www.dibt.de\/\">DIBt<\/a> bauaufsichtlich anerkannte<\/p>\n<p><strong>Pr\u00fcf-, \u00dcberwachungs- und Zertifizierungsstelle<\/strong><\/p>\n<p><em>Kennziffer: BAY27<\/em><\/p>\n<p>[\/et_pb_cta][\/et_pb_column][\/et_pb_row][et_pb_row column_structure=&#8220;1_2,1_2&#8243; use_custom_gutter=&#8220;on&#8220; gutter_width=&#8220;1&#8243; make_equal=&#8220;on&#8220; module_class=&#8220; et_pb_row_fullwidth&#8220; _builder_version=&#8220;3.27.4&#8243; background_size=&#8220;initial&#8220; background_position=&#8220;top_left&#8220; background_repeat=&#8220;repeat&#8220; width=&#8220;100%&#8220; width_tablet=&#8220;100%&#8220; width_last_edited=&#8220;on|desktop&#8220; max_width=&#8220;100%&#8220; max_width_tablet=&#8220;100%&#8220; max_width_last_edited=&#8220;on|desktop&#8220; custom_margin=&#8220;|||&#8220; custom_padding=&#8220;0px||0px|&#8220; animation_style=&#8220;flip&#8220; animation_direction=&#8220;left&#8220; animation_intensity_flip=&#8220;20%&#8220; make_fullwidth=&#8220;on&#8220; locked=&#8220;off&#8220; _i=&#8220;1&#8243; _address=&#8220;1.1&#8243;][et_pb_column type=&#8220;1_2&#8243; _builder_version=&#8220;3.25&#8243; background_color=&#8220;#f4f4f4&#8243; background_position=&#8220;top_left&#8220; custom_padding=&#8220;8%|6%|8%|16%&#8220; custom_padding_phone=&#8220;80px|10%|80px|10%&#8220; custom_padding_last_edited=&#8220;on|desktop&#8220; padding_phone=&#8220;80px|10%|80px|10%&#8220; padding_last_edited=&#8220;on|desktop&#8220; padding_bottom=&#8220;8%&#8220; padding_left=&#8220;16%&#8220; padding_right=&#8220;6%&#8220; padding_top=&#8220;8%&#8220; _i=&#8220;0&#8243; _address=&#8220;1.1.0&#8243; custom_padding__hover=&#8220;|||&#8220;][et_pb_cta title=&#8220;T\u00e4tigkeitsprofil&#8220; button_url=&#8220;#&#8220; admin_label=&#8220;Feature 01&#8243; _builder_version=&#8220;3.27.4&#8243; header_font=&#8220;Montserrat||||&#8220; header_text_color=&#8220;#1f1f1f&#8220; header_font_size=&#8220;36&#8243; header_line_height=&#8220;1.4em&#8220; body_font_size=&#8220;16&#8243; body_line_height=&#8220;1.9em&#8220; use_background_color=&#8220;off&#8220; custom_button=&#8220;on&#8220; button_text_size=&#8220;18&#8243; button_text_color=&#8220;#ffffff&#8220; button_bg_color=&#8220;#6eba01&#8243; button_border_color=&#8220;#6eba01&#8243; button_border_radius=&#8220;0&#8243; button_letter_spacing=&#8220;2&#8243; button_font=&#8220;Montserrat|||on|&#8220; button_use_icon=&#8220;off&#8220; text_orientation=&#8220;left&#8220; background_layout=&#8220;light&#8220; max_width=&#8220;450px&#8220; module_alignment=&#8220;left&#8220; custom_margin=&#8220;|||&#8220; custom_padding=&#8220;|||&#8220; animation_style=&#8220;fold&#8220; animation_direction=&#8220;bottom&#8220; animation_intensity_fold=&#8220;15%&#8220; button_text_color_hover=&#8220;#6eba01&#8243; button_border_color_hover=&#8220;#6eba01&#8243; button_border_radius_hover=&#8220;0&#8243; button_letter_spacing_hover=&#8220;2&#8243; button_bg_color_hover=&#8220;rgba(0,0,0,0)&#8220; saved_tabs=&#8220;all&#8220; locked=&#8220;off&#8220; _i=&#8220;0&#8243; _address=&#8220;1.1.0.0&#8243; button_text_size__hover_enabled=&#8220;off&#8220; button_one_text_size__hover_enabled=&#8220;off&#8220; button_two_text_size__hover_enabled=&#8220;off&#8220; button_text_color__hover_enabled=&#8220;on&#8220; button_text_color__hover=&#8220;#6eba01&#8243; button_one_text_color__hover_enabled=&#8220;off&#8220; button_two_text_color__hover_enabled=&#8220;off&#8220; button_border_width__hover_enabled=&#8220;off&#8220; button_one_border_width__hover_enabled=&#8220;off&#8220; button_two_border_width__hover_enabled=&#8220;off&#8220; button_border_color__hover_enabled=&#8220;on&#8220; button_border_color__hover=&#8220;#6eba01&#8243; button_one_border_color__hover_enabled=&#8220;off&#8220; button_two_border_color__hover_enabled=&#8220;off&#8220; button_border_radius__hover_enabled=&#8220;on&#8220; button_border_radius__hover=&#8220;0&#8243; button_one_border_radius__hover_enabled=&#8220;off&#8220; button_two_border_radius__hover_enabled=&#8220;off&#8220; button_letter_spacing__hover_enabled=&#8220;on&#8220; button_letter_spacing__hover=&#8220;2&#8243; button_one_letter_spacing__hover_enabled=&#8220;off&#8220; button_two_letter_spacing__hover_enabled=&#8220;off&#8220; button_bg_color__hover_enabled=&#8220;on&#8220; button_bg_color__hover=&#8220;rgba(0,0,0,0)&#8220; button_one_bg_color__hover_enabled=&#8220;off&#8220; button_two_bg_color__hover_enabled=&#8220;off&#8220;]<\/p>\n<table>\n<tbody>\n<tr>\n<td colspan=\"2\"><\/td>\n<\/tr>\n<tr>\n<td><\/td>\n<td>\n<ul>\n<li><strong><\/strong>Pr\u00fcfstelle f\u00fcr die Erteilung allgemeiner bauaufsichtlichter Pr\u00fcfzeugnisse<\/li>\n<li>Stelle f\u00fcr Pr\u00fcfung von Bauprodukten vor Best\u00e4tigung der\u00a0 \u00dcbereinstimmung<\/li>\n<li>\u00a0Zertifizierungsstelle<\/li>\n<li>\u00dcberwachungsstelle f\u00fcr Fremd\u00fcberwachungen<\/li>\n<li>\u00dcberwachungsstelle f\u00fcr \u00dcberwachung nach Art. 19 Abs. 6BayBO<\/li>\n<\/ul>\n<\/td>\n<\/tr>\n<tr>\n<td colspan=\"2\"><strong>anerkannt nach:<\/strong><\/td>\n<\/tr>\n<tr>\n<td><\/td>\n<td>\n<ul>\n<li>der Landesbauordnung<br \/> (BayBO, Kennziffer BAY27)<\/li>\n<\/ul>\n<\/td>\n<\/tr>\n<\/tbody>\n<\/table>\n<p>[\/et_pb_cta][\/et_pb_column][et_pb_column type=&#8220;1_2&#8243; _builder_version=&#8220;3.27.4&#8243; background_image=&#8220;http:\/\/test.laborsl.de\/wp-content\/uploads\/2019\/09\/AdobeStock_198945699.jpeg&#8220; background_position=&#8220;top_left&#8220; custom_padding=&#8220;|||&#8220; bg_img=&#8220;http:\/\/test.laborsl.de\/wp-content\/uploads\/2019\/09\/business-08.jpg&#8220; _i=&#8220;1&#8243; _address=&#8220;1.1.1&#8243; custom_padding__hover=&#8220;|||&#8220;][\/et_pb_column][\/et_pb_row][\/et_pb_section][et_pb_section fb_built=&#8220;1&#8243; admin_label=&#8220;Split Section&#8220; _builder_version=&#8220;3.22&#8243; custom_padding=&#8220;0px||0px|&#8220; animation_style=&#8220;fold&#8220; animation_direction=&#8220;bottom&#8220; animation_intensity_fold=&#8220;4%&#8220; fb_built=&#8220;1&#8243; _i=&#8220;2&#8243; _address=&#8220;2&#8243;][et_pb_row column_structure=&#8220;1_2,1_2&#8243; use_custom_gutter=&#8220;on&#8220; gutter_width=&#8220;1&#8243; make_equal=&#8220;on&#8220; module_class=&#8220; et_pb_row_fullwidth&#8220; _builder_version=&#8220;3.27.4&#8243; background_size=&#8220;initial&#8220; background_position=&#8220;top_left&#8220; background_repeat=&#8220;repeat&#8220; width=&#8220;100%&#8220; width_tablet=&#8220;100%&#8220; width_last_edited=&#8220;on|desktop&#8220; max_width=&#8220;100%&#8220; max_width_tablet=&#8220;100%&#8220; max_width_last_edited=&#8220;on|desktop&#8220; custom_margin=&#8220;0px||0px|&#8220; custom_padding=&#8220;0px||0px|&#8220; animation_style=&#8220;flip&#8220; animation_direction=&#8220;right&#8220; animation_intensity_flip=&#8220;20%&#8220; make_fullwidth=&#8220;on&#8220; _i=&#8220;0&#8243; _address=&#8220;2.0&#8243;][et_pb_column type=&#8220;1_2&#8243; _builder_version=&#8220;3.27.4&#8243; use_background_color_gradient=&#8220;on&#8220; background_image=&#8220;http:\/\/test.laborsl.de\/wp-content\/uploads\/2019\/09\/AdobeStock_167798455.jpeg&#8220; background_position=&#8220;top_left&#8220; custom_padding=&#8220;|||&#8220; bg_img=&#8220;http:\/\/test.laborsl.de\/wp-content\/uploads\/2019\/09\/business_02.jpg&#8220; _i=&#8220;0&#8243; _address=&#8220;2.0.0&#8243; custom_padding__hover=&#8220;|||&#8220;][\/et_pb_column][et_pb_column type=&#8220;1_2&#8243; _builder_version=&#8220;3.25&#8243; background_position=&#8220;top_left&#8220; custom_padding=&#8220;8%|6%|8%|6%&#8220; padding_bottom=&#8220;8%&#8220; padding_left=&#8220;6%&#8220; padding_right=&#8220;6%&#8220; padding_top=&#8220;8%&#8220; _i=&#8220;1&#8243; _address=&#8220;2.0.1&#8243; custom_padding__hover=&#8220;|||&#8220;][et_pb_cta title=&#8220; f\u00fcr Bauprodukte im Bereich&#8220; button_url=&#8220;#&#8220; admin_label=&#8220;Feature 01&#8243; _builder_version=&#8220;3.27.4&#8243; header_font=&#8220;Montserrat||||&#8220; header_text_color=&#8220;#1f1f1f&#8220; header_font_size=&#8220;36&#8243; header_line_height=&#8220;1.4em&#8220; body_font_size=&#8220;16&#8243; body_line_height=&#8220;1.9em&#8220; use_background_color=&#8220;off&#8220; custom_button=&#8220;on&#8220; button_text_size=&#8220;18&#8243; button_text_color=&#8220;#ffffff&#8220; button_bg_color=&#8220;#6eba01&#8243; button_border_color=&#8220;#6eba01&#8243; button_border_radius=&#8220;0&#8243; button_letter_spacing=&#8220;2&#8243; button_font=&#8220;Montserrat|||on|&#8220; button_use_icon=&#8220;off&#8220; text_orientation=&#8220;left&#8220; background_layout=&#8220;light&#8220; max_width=&#8220;450px&#8220; module_alignment=&#8220;left&#8220; custom_margin=&#8220;|||&#8220; custom_padding=&#8220;|||&#8220; animation_style=&#8220;fold&#8220; animation_direction=&#8220;bottom&#8220; animation_intensity_fold=&#8220;15%&#8220; button_text_color_hover=&#8220;#6eba01&#8243; button_border_color_hover=&#8220;#6eba01&#8243; button_border_radius_hover=&#8220;0&#8243; button_letter_spacing_hover=&#8220;2&#8243; button_bg_color_hover=&#8220;rgba(0,0,0,0)&#8220; saved_tabs=&#8220;all&#8220; locked=&#8220;off&#8220; _i=&#8220;0&#8243; _address=&#8220;2.0.1.0&#8243; button_text_size__hover_enabled=&#8220;off&#8220; button_one_text_size__hover_enabled=&#8220;off&#8220; button_two_text_size__hover_enabled=&#8220;off&#8220; button_text_color__hover_enabled=&#8220;on&#8220; button_text_color__hover=&#8220;#6eba01&#8243; button_one_text_color__hover_enabled=&#8220;off&#8220; button_two_text_color__hover_enabled=&#8220;off&#8220; button_border_width__hover_enabled=&#8220;off&#8220; button_one_border_width__hover_enabled=&#8220;off&#8220; button_two_border_width__hover_enabled=&#8220;off&#8220; button_border_color__hover_enabled=&#8220;on&#8220; button_border_color__hover=&#8220;#6eba01&#8243; button_one_border_color__hover_enabled=&#8220;off&#8220; button_two_border_color__hover_enabled=&#8220;off&#8220; button_border_radius__hover_enabled=&#8220;on&#8220; button_border_radius__hover=&#8220;0&#8243; button_one_border_radius__hover_enabled=&#8220;off&#8220; button_two_border_radius__hover_enabled=&#8220;off&#8220; button_letter_spacing__hover_enabled=&#8220;on&#8220; button_letter_spacing__hover=&#8220;2&#8243; button_one_letter_spacing__hover_enabled=&#8220;off&#8220; button_two_letter_spacing__hover_enabled=&#8220;off&#8220; button_bg_color__hover_enabled=&#8220;on&#8220; button_bg_color__hover=&#8220;rgba(0,0,0,0)&#8220; button_one_bg_color__hover_enabled=&#8220;off&#8220; button_two_bg_color__hover_enabled=&#8220;off&#8220;]<\/p>\n<ul>\n<li>Stahl<\/li>\n<li>Glas<\/li>\n<li>Aluminium<\/li>\n<li>F\u00fcgetechnik<\/li>\n<\/ul>\n<p><strong>und ebenfalls t\u00e4tig in den Bereichen:<\/strong><\/p>\n<ul>\n<li>Holzbau<\/li>\n<li>Sandwichelemente<\/li>\n<li>Brandschutz<\/li>\n<li>Seile<\/li>\n<li>Klebtechnik<\/li>\n<\/ul>\n<p><strong><\/strong><\/p>\n<p><strong><\/strong><\/p>\n<p><em><\/em><\/p>\n<p>[\/et_pb_cta][\/et_pb_column][\/et_pb_row][\/et_pb_section]<\/p>\n","protected":false},"excerpt":{"rendered":"<p>Wir sind eine vom DIBt bauaufsichtlich anerkannte Pr\u00fcf-, \u00dcberwachungs- und Zertifizierungsstelle Kennziffer: BAY27 Pr\u00fcfstelle f\u00fcr die Erteilung allgemeiner bauaufsichtlichter Pr\u00fcfzeugnisse Stelle f\u00fcr Pr\u00fcfung von Bauprodukten vor Best\u00e4tigung der\u00a0 \u00dcbereinstimmung \u00a0Zertifizierungsstelle \u00dcberwachungsstelle f\u00fcr Fremd\u00fcberwachungen \u00dcberwachungsstelle f\u00fcr \u00dcberwachung nach Art. 19 Abs. 6BayBO anerkannt nach: der Landesbauordnung (BayBO, Kennziffer BAY27) Stahl Glas Aluminium F\u00fcgetechnik und ebenfalls t\u00e4tig [&hellip;]<\/p>\n","protected":false},"author":1,"featured_media":0,"parent":0,"menu_order":0,"comment_status":"closed","ping_status":"closed","template":"","meta":{"_et_pb_use_builder":"on","_et_pb_old_content":"","_et_gb_content_width":"","footnotes":""},"class_list":["post-51","page","type-page","status-publish","hentry"],"_links":{"self":[{"href":"https:\/\/www.laborsl.de\/index.php?rest_route=\/wp\/v2\/pages\/51","targetHints":{"allow":["GET"]}}],"collection":[{"href":"https:\/\/www.laborsl.de\/index.php?rest_route=\/wp\/v2\/pages"}],"about":[{"href":"https:\/\/www.laborsl.de\/index.php?rest_route=\/wp\/v2\/types\/page"}],"author":[{"embeddable":true,"href":"https:\/\/www.laborsl.de\/index.php?rest_route=\/wp\/v2\/users\/1"}],"replies":[{"embeddable":true,"href":"https:\/\/www.laborsl.de\/index.php?rest_route=%2Fwp%2Fv2%2Fcomments&post=51"}],"version-history":[{"count":9,"href":"https:\/\/www.laborsl.de\/index.php?rest_route=\/wp\/v2\/pages\/51\/revisions"}],"predecessor-version":[{"id":396,"href":"https:\/\/www.laborsl.de\/index.php?rest_route=\/wp\/v2\/pages\/51\/revisions\/396"}],"wp:attachment":[{"href":"https:\/\/www.laborsl.de\/index.php?rest_route=%2Fwp%2Fv2%2Fmedia&parent=51"}],"curies":[{"name":"wp","href":"https:\/\/api.w.org\/{rel}","templated":true}]}}