{"id":448,"date":"2019-09-27T13:07:24","date_gmt":"2019-09-27T13:07:24","guid":{"rendered":"http:\/\/test.laborsl.de\/?page_id=448"},"modified":"2021-03-07T19:01:16","modified_gmt":"2021-03-07T19:01:16","slug":"ausstattung","status":"publish","type":"page","link":"https:\/\/www.laborsl.de\/?page_id=448","title":{"rendered":"Ausstattung"},"content":{"rendered":"<p>[et_pb_section fb_built=&#8220;1&#8243; fullwidth=&#8220;on&#8220; admin_label=&#8220;Page Header&#8220; _builder_version=&#8220;3.22&#8243; background_image=&#8220;http:\/\/test.laborsl.de\/wp-content\/uploads\/2019\/09\/business-16.jpg&#8220; parallax=&#8220;on&#8220;][et_pb_fullwidth_header title=&#8220;Ausstattung&#8220; text_orientation=&#8220;center&#8220; admin_label=&#8220;Hero Section&#8220; _builder_version=&#8220;3.29.3&#8243; title_font=&#8220;Montserrat|on|||&#8220; title_font_size=&#8220;60px&#8220; title_line_height=&#8220;1.4em&#8220; content_font_size=&#8220;22px&#8220; content_line_height=&#8220;1.8em&#8220; subhead_font=&#8220;||||&#8220; background_image=&#8220;http:\/\/test.laborsl.de\/wp-content\/uploads\/2019\/09\/LSL-BG-7.jpg&#8220; custom_button_one=&#8220;on&#8220; button_one_text_size=&#8220;16px&#8220; button_one_bg_color=&#8220;#6eba01&#8243; button_one_border_width=&#8220;2px&#8220; button_one_border_color=&#8220;#6eba01&#8243; button_one_border_radius=&#8220;0&#8243; button_one_letter_spacing=&#8220;2&#8243; button_one_font=&#8220;Montserrat|||on|&#8220; button_one_use_icon=&#8220;off&#8220; custom_button_two=&#8220;on&#8220; button_two_text_size=&#8220;16px&#8220; button_two_border_width=&#8220;2px&#8220; button_two_border_color=&#8220;#ffffff&#8220; button_two_border_radius=&#8220;0&#8243; button_two_letter_spacing=&#8220;2&#8243; button_two_font=&#8220;Montserrat|||on|&#8220; button_two_use_icon=&#8220;off&#8220; module_alignment=&#8220;left&#8220; button_one_text_color_hover=&#8220;#6eba01&#8243; button_two_text_color_hover=&#8220;#6eba01&#8243; button_one_border_color_hover=&#8220;#ffffff&#8220; button_two_border_color_hover=&#8220;#ffffff&#8220; button_one_border_radius_hover=&#8220;0&#8243; button_two_border_radius_hover=&#8220;0&#8243; button_one_letter_spacing_hover=&#8220;2&#8243; button_two_letter_spacing_hover=&#8220;2&#8243; button_one_bg_color_hover=&#8220;#ffffff&#8220; button_two_bg_color_hover=&#8220;#ffffff&#8220; button_one_text_size__hover_enabled=&#8220;off&#8220; button_two_text_size__hover_enabled=&#8220;off&#8220; button_one_text_color__hover_enabled=&#8220;on&#8220; button_one_text_color__hover=&#8220;#6eba01&#8243; button_two_text_color__hover_enabled=&#8220;on&#8220; button_two_text_color__hover=&#8220;#6eba01&#8243; button_one_border_width__hover_enabled=&#8220;off&#8220; button_two_border_width__hover_enabled=&#8220;off&#8220; button_one_border_color__hover_enabled=&#8220;on&#8220; button_one_border_color__hover=&#8220;#ffffff&#8220; button_two_border_color__hover_enabled=&#8220;on&#8220; button_two_border_color__hover=&#8220;#ffffff&#8220; button_one_border_radius__hover_enabled=&#8220;on&#8220; button_one_border_radius__hover=&#8220;0&#8243; button_two_border_radius__hover_enabled=&#8220;on&#8220; button_two_border_radius__hover=&#8220;0&#8243; button_one_letter_spacing__hover_enabled=&#8220;on&#8220; button_one_letter_spacing__hover=&#8220;2&#8243; button_two_letter_spacing__hover_enabled=&#8220;on&#8220; button_two_letter_spacing__hover=&#8220;2&#8243; button_one_bg_color__hover_enabled=&#8220;on&#8220; button_one_bg_color__hover=&#8220;#ffffff&#8220; button_two_bg_color__hover_enabled=&#8220;on&#8220; button_two_bg_color__hover=&#8220;#ffffff&#8220;][\/et_pb_fullwidth_header][\/et_pb_section][et_pb_section fb_built=&#8220;1&#8243; admin_label=&#8220;Projects&#8220; _builder_version=&#8220;3.22&#8243; custom_padding=&#8220;90px||90px|&#8220;][et_pb_row _builder_version=&#8220;3.25&#8243; background_size=&#8220;initial&#8220; background_position=&#8220;top_left&#8220; background_repeat=&#8220;repeat&#8220; custom_padding=&#8220;45px|0px|45px|0px&#8220; custom_width_px=&#8220;710px&#8220;][et_pb_column type=&#8220;4_4&#8243; _builder_version=&#8220;3.25&#8243; background_position=&#8220;top_left&#8220; custom_padding=&#8220;|||&#8220; custom_padding__hover=&#8220;|||&#8220;][et_pb_divider divider_weight=&#8220;3px&#8220; disabled_on=&#8220;off|off|off&#8220; _builder_version=&#8220;3.27.4&#8243; background_color_gradient_direction=&#8220;90deg&#8220; max_width=&#8220;100px&#8220; module_alignment=&#8220;center&#8220; height=&#8220;5px&#8220; custom_margin=&#8220;||20px|&#8220; custom_padding=&#8220;||20px|&#8220; animation_style=&#8220;slide&#8220; animation_direction=&#8220;bottom&#8220; saved_tabs=&#8220;all&#8220; locked=&#8220;off&#8220;][\/et_pb_divider][et_pb_text admin_label=&#8220;Projects Section Subtitle&#8220; _builder_version=&#8220;4.4.2&#8243; text_font_size=&#8220;18px&#8220; text_line_height=&#8220;1.9em&#8220; background_size=&#8220;initial&#8220; background_position=&#8220;top_left&#8220; background_repeat=&#8220;repeat&#8220; text_orientation=&#8220;center&#8220; max_width=&#8220;710px&#8220; module_alignment=&#8220;center&#8220; animation_style=&#8220;fold&#8220; animation_direction=&#8220;bottom&#8220; animation_intensity_fold=&#8220;20%&#8220;]<\/p>\n<h1><strong>Nachfolgend wird ein Auszug der derzeitigen Ausstattung aufgef\u00fchrt<br \/> <\/strong><\/h1>\n<p>[\/et_pb_text][\/et_pb_column][\/et_pb_row][et_pb_row column_structure=&#8220;1_2,1_2&#8243; _builder_version=&#8220;4.4.2&#8243; background_size=&#8220;initial&#8220; background_position=&#8220;top_left&#8220; background_repeat=&#8220;repeat&#8220; custom_padding=&#8220;0px||||false|false&#8220; locked=&#8220;off&#8220;][et_pb_column type=&#8220;1_2&#8243; _builder_version=&#8220;3.25&#8243; custom_padding=&#8220;|||&#8220; custom_padding__hover=&#8220;|||&#8220;][et_pb_blurb title=&#8220;Hydraulische Pr\u00fcfst\u00e4nde mit Einzelzylindern&#8220; url=&#8220;#&#8220; image=&#8220;http:\/\/test.laborsl.de\/wp-content\/uploads\/2020\/04\/LSL-Web-Ausstattung-01.jpg&#8220; admin_label=&#8220;Project&#8220; _builder_version=&#8220;4.4.2&#8243; header_font=&#8220;Montserrat||||&#8220; header_font_size=&#8220;24px&#8220; header_line_height=&#8220;1.3em&#8220; body_font_size=&#8220;16px&#8220; body_line_height=&#8220;1.8em&#8220; background_size=&#8220;initial&#8220; background_position=&#8220;top_left&#8220; background_repeat=&#8220;repeat&#8220; animation_style=&#8220;fold&#8220; animation_direction=&#8220;bottom&#8220; animation_intensity_fold=&#8220;10%&#8220;]<\/p>\n<p>F\u00fcr Kr\u00e4fte von 1kN bis 2.500 kN<br \/>Druck oder Zugkr\u00e4fte, statisch oder dynamisch<\/p>\n<p>[\/et_pb_blurb][\/et_pb_column][et_pb_column type=&#8220;1_2&#8243; _builder_version=&#8220;3.25&#8243; custom_padding=&#8220;|||&#8220; custom_padding__hover=&#8220;|||&#8220;][et_pb_blurb title=&#8220;Servohydraulische Pr\u00fcfmaschinen&#8220; url=&#8220;#&#8220; image=&#8220;http:\/\/test.laborsl.de\/wp-content\/uploads\/2020\/04\/LSL-Web-Ausstattung-02.jpg&#8220; admin_label=&#8220;Project&#8220; _builder_version=&#8220;4.4.2&#8243; header_font=&#8220;Montserrat||||&#8220; header_font_size=&#8220;24px&#8220; header_line_height=&#8220;1.3em&#8220; body_font_size=&#8220;16px&#8220; body_line_height=&#8220;1.8em&#8220; background_size=&#8220;initial&#8220; background_position=&#8220;top_left&#8220; background_repeat=&#8220;repeat&#8220; height=&#8220;1000px&#8220; max_height=&#8220;850px&#8220; child_filter_brightness=&#8220;110%&#8220; child_filter_invert=&#8220;-20%&#8220; child_filter_sepia=&#8220;-10%&#8220; animation_style=&#8220;fold&#8220; animation_direction=&#8220;bottom&#8220; animation_delay=&#8220;100ms&#8220; animation_intensity_fold=&#8220;10%&#8220; border_width_all_image=&#8220;-10px&#8220; border_color_all_image=&#8220;#0c71c3&#8243; locked=&#8220;off&#8220;]<\/p>\n<p>F\u00fcr Kr\u00e4fte von 1kN bis 12 MN (Zug) und 8 MN (Druck)<\/p>\n<p>[\/et_pb_blurb][\/et_pb_column][\/et_pb_row][et_pb_row column_structure=&#8220;1_2,1_2&#8243; _builder_version=&#8220;3.25&#8243; background_size=&#8220;initial&#8220; background_position=&#8220;top_left&#8220; background_repeat=&#8220;repeat&#8220; custom_padding=&#8220;45px|||&#8220; locked=&#8220;off&#8220;][et_pb_column type=&#8220;1_2&#8243; _builder_version=&#8220;3.25&#8243; custom_padding=&#8220;|||&#8220; custom_padding__hover=&#8220;|||&#8220;][et_pb_blurb title=&#8220;Pulsatoren&#8220; url=&#8220;#&#8220; image=&#8220;https:\/\/www.laborsl.de\/wp-content\/uploads\/2021\/03\/LSL-Web-Ausstattung-03b.jpg&#8220; admin_label=&#8220;Project&#8220; _builder_version=&#8220;4.9.0&#8243; header_font=&#8220;Montserrat||||&#8220; header_font_size=&#8220;24px&#8220; header_line_height=&#8220;1.3em&#8220; body_font_size=&#8220;16px&#8220; body_line_height=&#8220;1.8em&#8220; background_size=&#8220;initial&#8220; background_position=&#8220;top_left&#8220; background_repeat=&#8220;repeat&#8220; animation_style=&#8220;fold&#8220; animation_direction=&#8220;bottom&#8220; animation_intensity_fold=&#8220;10%&#8220; hover_enabled=&#8220;0&#8243; sticky_enabled=&#8220;0&#8243; title_text=&#8220;LSL&#8212;Web&#8212;Ausstattung&#8212;03b&#8220;]<\/p>\n<p>Der Firmen Ramul, Schenck, Sinco Tec, Amsler.<br \/> Von 50 kN bis 600 kN<\/p>\n<p>[\/et_pb_blurb][\/et_pb_column][et_pb_column type=&#8220;1_2&#8243; _builder_version=&#8220;3.25&#8243; custom_padding=&#8220;|||&#8220; custom_padding__hover=&#8220;|||&#8220;][et_pb_blurb title=&#8220;Unwucht Pulser f\u00fcr Gro\u00dfbauteile (Eigenbau)&#8220; url=&#8220;#&#8220; image=&#8220;http:\/\/test.laborsl.de\/wp-content\/uploads\/2020\/04\/LSL-Web-Ausstattung-04.jpg&#8220; admin_label=&#8220;Project&#8220; _builder_version=&#8220;4.4.2&#8243; header_font=&#8220;Montserrat||||&#8220; header_font_size=&#8220;24px&#8220; header_line_height=&#8220;1.3em&#8220; body_font_size=&#8220;16px&#8220; body_line_height=&#8220;1.8em&#8220; background_size=&#8220;initial&#8220; background_position=&#8220;top_left&#8220; background_repeat=&#8220;repeat&#8220; animation_style=&#8220;fold&#8220; animation_direction=&#8220;bottom&#8220; animation_delay=&#8220;100ms&#8220; animation_intensity_fold=&#8220;10%&#8220; locked=&#8220;off&#8220;]<\/p>\n<p>F\u00fcr Eigenengewichte bis 30,0 to, L\u00e4ngen bis zu 20 m<br \/> Pr\u00fcffrequenzen bis 75 Hz<\/p>\n<p>[\/et_pb_blurb][\/et_pb_column][\/et_pb_row][et_pb_row column_structure=&#8220;1_2,1_2&#8243; _builder_version=&#8220;3.25&#8243; background_size=&#8220;initial&#8220; background_position=&#8220;top_left&#8220; background_repeat=&#8220;repeat&#8220; custom_padding=&#8220;45px|||&#8220; locked=&#8220;off&#8220;][et_pb_column type=&#8220;1_2&#8243; _builder_version=&#8220;3.25&#8243; custom_padding=&#8220;|||&#8220; custom_padding__hover=&#8220;|||&#8220;][et_pb_blurb title=&#8220;Servohydraulische Schnellzerrei\u00dfmaschine&#8220; url=&#8220;#&#8220; image=&#8220;http:\/\/test.laborsl.de\/wp-content\/uploads\/2020\/04\/LSL-Web-Ausstattung-05.jpg&#8220; admin_label=&#8220;Project&#8220; _builder_version=&#8220;4.4.2&#8243; header_font=&#8220;Montserrat||||&#8220; header_font_size=&#8220;24px&#8220; header_line_height=&#8220;1.3em&#8220; body_font_size=&#8220;16px&#8220; body_line_height=&#8220;1.8em&#8220; background_size=&#8220;initial&#8220; background_position=&#8220;top_left&#8220; background_repeat=&#8220;repeat&#8220; animation_style=&#8220;fold&#8220; animation_direction=&#8220;bottom&#8220; animation_intensity_fold=&#8220;10%&#8220;]<\/p>\n<p>+\/- 25 kN\u00a0\u00a0\u00a0\u00a0\u00a0\u00a0\u00a0\u00a0\u00a0\u00a0 Geschwindigkeit bis 25 m \/ sec<br \/>+\/- 40 kN\u00a0\u00a0\u00a0\u00a0\u00a0\u00a0\u00a0\u00a0\u00a0\u00a0 Geschwindigkeit bis 10 m \/ sec<\/p>\n<p>[\/et_pb_blurb][\/et_pb_column][et_pb_column type=&#8220;1_2&#8243; _builder_version=&#8220;3.25&#8243; custom_padding=&#8220;|||&#8220; custom_padding__hover=&#8220;|||&#8220;][et_pb_blurb title=&#8220;Spindenpr\u00fcfmaschinen f\u00fcr statische Versuche&#8220; url=&#8220;#&#8220; image=&#8220;https:\/\/www.laborsl.de\/wp-content\/uploads\/2021\/03\/LSL-Web-Ausstattung-06b.jpg&#8220; admin_label=&#8220;Project&#8220; _builder_version=&#8220;4.9.0&#8243; header_font=&#8220;Montserrat||||&#8220; header_font_size=&#8220;24px&#8220; header_line_height=&#8220;1.3em&#8220; body_font_size=&#8220;16px&#8220; body_line_height=&#8220;1.8em&#8220; background_size=&#8220;initial&#8220; background_position=&#8220;top_left&#8220; background_repeat=&#8220;repeat&#8220; animation_style=&#8220;fold&#8220; animation_direction=&#8220;bottom&#8220; animation_delay=&#8220;100ms&#8220; animation_intensity_fold=&#8220;10%&#8220; hover_enabled=&#8220;0&#8243; locked=&#8220;off&#8220; title_text=&#8220;LSL&#8212;Web&#8212;Ausstattung&#8212;06b&#8220; sticky_enabled=&#8220;0&#8243;]<\/p>\n<p>100 kN (3 St\u00fcck vorhanden) <br \/>250 \/ 50 kN (1 St\u00fcck vorhanden)<br \/>&#8211; MIt Zusatzausstattung f\u00fcr Versuche bei hohen Temperaturen \u00a0 \u00a0 \u00a0 \u00a0\u00a0\u00a0 (bis 1200 \u00b0C) und bei tiefen Temperaturen (bis -30\u00b0 C)<br \/>&#8211; Versuche unter korrosiven Medien<br \/>&#8211; Alterungsversuche f\u00fcr geklebte Konstruktionen<\/p>\n<p>[\/et_pb_blurb][\/et_pb_column][\/et_pb_row][et_pb_row _builder_version=&#8220;3.29.3&#8243;][et_pb_column type=&#8220;4_4&#8243; _builder_version=&#8220;3.29.3&#8243;][et_pb_text _builder_version=&#8220;4.4.2&#8243; text_font_size=&#8220;18px&#8220;]<\/p>\n<p style=\"text-align: center;\"><span style=\"color: #0c71c3;\"><strong>\u00a0Neben den \u00fcblichen Kraft-, Weg- und Dehnungsmessungen sind nachfolgend aufgelistete Ger\u00e4te vorhanden:<\/strong><\/span><\/p>\n<p>[\/et_pb_text][\/et_pb_column][\/et_pb_row][et_pb_row column_structure=&#8220;1_2,1_2&#8243; _builder_version=&#8220;3.25&#8243; background_size=&#8220;initial&#8220; background_position=&#8220;top_left&#8220; background_repeat=&#8220;repeat&#8220; custom_padding=&#8220;45px|||&#8220; locked=&#8220;off&#8220;][et_pb_column type=&#8220;1_2&#8243; _builder_version=&#8220;3.25&#8243; custom_padding=&#8220;|||&#8220; custom_padding__hover=&#8220;|||&#8220;][et_pb_blurb title=&#8220;Messsystem mit digitaler Bildkorrelation&#8220; url=&#8220;#&#8220; admin_label=&#8220;Project&#8220; _builder_version=&#8220;4.4.2&#8243; header_font=&#8220;Montserrat||||&#8220; header_font_size=&#8220;24px&#8220; header_line_height=&#8220;1.3em&#8220; body_font_size=&#8220;16px&#8220; body_line_height=&#8220;1.8em&#8220; background_size=&#8220;initial&#8220; background_position=&#8220;top_left&#8220; background_repeat=&#8220;repeat&#8220; animation_style=&#8220;fold&#8220; animation_direction=&#8220;bottom&#8220; animation_intensity_fold=&#8220;10%&#8220;]<\/p>\n<p>Zur ber\u00fchrungslosen 3D- Verformungs und Dehungsmessung<\/p>\n<p>[\/et_pb_blurb][\/et_pb_column][et_pb_column type=&#8220;1_2&#8243; _builder_version=&#8220;3.25&#8243; custom_padding=&#8220;|||&#8220; custom_padding__hover=&#8220;|||&#8220;][et_pb_blurb title=&#8220;Hochaufl\u00f6sunde W\u00e4rmebildkamera&#8220; url=&#8220;#&#8220; admin_label=&#8220;Project&#8220; _builder_version=&#8220;4.4.2&#8243; header_font=&#8220;Montserrat||||&#8220; header_font_size=&#8220;24px&#8220; header_line_height=&#8220;1.3em&#8220; body_font_size=&#8220;16px&#8220; body_line_height=&#8220;1.8em&#8220; background_size=&#8220;initial&#8220; background_position=&#8220;top_left&#8220; background_repeat=&#8220;repeat&#8220; custom_padding=&#8220;||0px|||&#8220; animation_style=&#8220;fold&#8220; animation_direction=&#8220;bottom&#8220; animation_delay=&#8220;100ms&#8220; animation_intensity_fold=&#8220;10%&#8220; locked=&#8220;off&#8220;][\/et_pb_blurb][\/et_pb_column][\/et_pb_row][et_pb_row column_structure=&#8220;1_2,1_2&#8243; _builder_version=&#8220;3.25&#8243; background_size=&#8220;initial&#8220; background_position=&#8220;top_left&#8220; background_repeat=&#8220;repeat&#8220; custom_padding=&#8220;45px|||&#8220; locked=&#8220;off&#8220;][et_pb_column type=&#8220;1_2&#8243; _builder_version=&#8220;3.25&#8243; custom_padding=&#8220;|||&#8220; custom_padding__hover=&#8220;|||&#8220;][et_pb_blurb title=&#8220;Metallographie&#8220; url=&#8220;#&#8220; admin_label=&#8220;Project&#8220; _builder_version=&#8220;4.4.2&#8243; header_font=&#8220;Montserrat||||&#8220; header_font_size=&#8220;24px&#8220; header_line_height=&#8220;1.3em&#8220; body_font_size=&#8220;16px&#8220; body_line_height=&#8220;1.8em&#8220; background_size=&#8220;initial&#8220; background_position=&#8220;top_left&#8220; background_repeat=&#8220;repeat&#8220; animation_style=&#8220;fold&#8220; animation_direction=&#8220;bottom&#8220; animation_intensity_fold=&#8220;10%&#8220;]<\/p>\n<p>Schliffherstellung und Mirkoskopie<\/p>\n<p>[\/et_pb_blurb][\/et_pb_column][et_pb_column type=&#8220;1_2&#8243; _builder_version=&#8220;3.25&#8243; custom_padding=&#8220;|||&#8220; custom_padding__hover=&#8220;|||&#8220;][et_pb_blurb title=&#8220;Div. Temperaturkammern&#8220; url=&#8220;#&#8220; admin_label=&#8220;Project&#8220; _builder_version=&#8220;4.4.2&#8243; header_font=&#8220;Montserrat||||&#8220; header_font_size=&#8220;24px&#8220; header_line_height=&#8220;1.3em&#8220; body_font_size=&#8220;16px&#8220; body_line_height=&#8220;1.8em&#8220; background_size=&#8220;initial&#8220; background_position=&#8220;top_left&#8220; background_repeat=&#8220;repeat&#8220; animation_style=&#8220;fold&#8220; animation_direction=&#8220;bottom&#8220; animation_delay=&#8220;100ms&#8220; animation_intensity_fold=&#8220;10%&#8220; locked=&#8220;off&#8220;]<\/p>\n<p>von -30 \u00b0C bis -100 \u00b0C, sowie bis +1200 \u00b0C<br \/>Versuchsdurchf\u00fchrung ohne die Probek\u00f6rper aus der Temperaturkammer herauszunehmen<\/p>\n<p>[\/et_pb_blurb][\/et_pb_column][\/et_pb_row][et_pb_row column_structure=&#8220;1_2,1_2&#8243; _builder_version=&#8220;3.25&#8243; background_size=&#8220;initial&#8220; background_position=&#8220;top_left&#8220; background_repeat=&#8220;repeat&#8220; custom_padding=&#8220;45px|||&#8220; locked=&#8220;off&#8220;][et_pb_column type=&#8220;1_2&#8243; _builder_version=&#8220;3.25&#8243; custom_padding=&#8220;|||&#8220; custom_padding__hover=&#8220;|||&#8220;][et_pb_blurb title=&#8220;Ger\u00e4te zur Oberfl\u00e4chenspannung von Glas&#8220; url=&#8220;#&#8220; admin_label=&#8220;Project&#8220; _builder_version=&#8220;4.4.2&#8243; header_font=&#8220;Montserrat||||&#8220; header_font_size=&#8220;24px&#8220; header_line_height=&#8220;1.3em&#8220; body_font_size=&#8220;16px&#8220; body_line_height=&#8220;1.8em&#8220; background_size=&#8220;initial&#8220; background_position=&#8220;top_left&#8220; background_repeat=&#8220;repeat&#8220; animation_style=&#8220;fold&#8220; animation_direction=&#8220;bottom&#8220; animation_intensity_fold=&#8220;10%&#8220;]<\/p>\n<p>&#8211; Laser Gasp I<br \/>&#8211; Laser Gasp II f\u00fcr gebogene Gl\u00e4ser<\/p>\n<p>[\/et_pb_blurb][\/et_pb_column][et_pb_column type=&#8220;1_2&#8243; _builder_version=&#8220;3.25&#8243; custom_padding=&#8220;|||&#8220; custom_padding__hover=&#8220;|||&#8220;][et_pb_blurb title=&#8220;Ultraschallpr\u00fcfger\u00e4te mit div. Pr\u00fcfk\u00f6pfen&#8220; url=&#8220;#&#8220; admin_label=&#8220;Project&#8220; _builder_version=&#8220;4.4.2&#8243; header_font=&#8220;Montserrat||||&#8220; header_font_size=&#8220;24px&#8220; header_line_height=&#8220;1.3em&#8220; body_font_size=&#8220;16px&#8220; body_line_height=&#8220;1.8em&#8220; background_size=&#8220;initial&#8220; background_position=&#8220;top_left&#8220; background_repeat=&#8220;repeat&#8220; animation_style=&#8220;fold&#8220; animation_direction=&#8220;bottom&#8220; animation_delay=&#8220;100ms&#8220; animation_intensity_fold=&#8220;10%&#8220; locked=&#8220;off&#8220;][\/et_pb_blurb][\/et_pb_column][\/et_pb_row][et_pb_row column_structure=&#8220;1_2,1_2&#8243; _builder_version=&#8220;3.25&#8243; background_size=&#8220;initial&#8220; background_position=&#8220;top_left&#8220; background_repeat=&#8220;repeat&#8220; custom_padding=&#8220;45px|||&#8220; locked=&#8220;off&#8220;][et_pb_column type=&#8220;1_2&#8243; _builder_version=&#8220;3.25&#8243; custom_padding=&#8220;|||&#8220; custom_padding__hover=&#8220;|||&#8220;][et_pb_blurb title=&#8220;H\u00e4rtepr\u00fcfger\u00e4te&#8220; url=&#8220;#&#8220; admin_label=&#8220;Project&#8220; _builder_version=&#8220;4.4.2&#8243; header_font=&#8220;Montserrat||||&#8220; header_font_size=&#8220;24px&#8220; header_line_height=&#8220;1.3em&#8220; body_font_size=&#8220;16px&#8220; body_line_height=&#8220;1.8em&#8220; background_size=&#8220;initial&#8220; background_position=&#8220;top_left&#8220; background_repeat=&#8220;repeat&#8220; animation_style=&#8220;fold&#8220; animation_direction=&#8220;bottom&#8220; animation_intensity_fold=&#8220;10%&#8220;]<\/p>\n<p>&#8211; Vickers<br \/>&#8211; Brinell<br \/>&#8211; Rockwell<\/p>\n<p>[\/et_pb_blurb][\/et_pb_column][et_pb_column type=&#8220;1_2&#8243; _builder_version=&#8220;3.25&#8243; custom_padding=&#8220;|||&#8220; custom_padding__hover=&#8220;|||&#8220;][et_pb_blurb title=&#8220;Vakuumpr\u00fcfanlagen&#8220; url=&#8220;#&#8220; admin_label=&#8220;Project&#8220; _builder_version=&#8220;4.4.2&#8243; header_font=&#8220;Montserrat||||&#8220; header_font_size=&#8220;24px&#8220; header_line_height=&#8220;1.3em&#8220; body_font_size=&#8220;16px&#8220; body_line_height=&#8220;1.8em&#8220; background_size=&#8220;initial&#8220; background_position=&#8220;top_left&#8220; background_repeat=&#8220;repeat&#8220; animation_style=&#8220;fold&#8220; animation_direction=&#8220;bottom&#8220; animation_intensity_fold=&#8220;10%&#8220;]<\/p>\n<p>&#8211; 2,6 x 6,0 m<br \/>&#8211; 1,8 x 3,8 m<\/p>\n<p>[\/et_pb_blurb][\/et_pb_column][\/et_pb_row][\/et_pb_section]<\/p>\n","protected":false},"excerpt":{"rendered":"<p>Nachfolgend wird ein Auszug der derzeitigen Ausstattung aufgef\u00fchrt F\u00fcr Kr\u00e4fte von 1kN bis 2.500 kNDruck oder Zugkr\u00e4fte, statisch oder dynamischF\u00fcr Kr\u00e4fte von 1kN bis 12 MN (Zug) und 8 MN (Druck)Der Firmen Ramul, Schenck, Sinco Tec, Amsler. Von 50 kN bis 600 kNF\u00fcr Eigenengewichte bis 30,0 to, L\u00e4ngen bis zu 20 m Pr\u00fcffrequenzen bis 75 [&hellip;]<\/p>\n","protected":false},"author":1,"featured_media":0,"parent":0,"menu_order":0,"comment_status":"closed","ping_status":"closed","template":"","meta":{"_et_pb_use_builder":"on","_et_pb_old_content":"","_et_gb_content_width":"","footnotes":""},"class_list":["post-448","page","type-page","status-publish","hentry"],"_links":{"self":[{"href":"https:\/\/www.laborsl.de\/index.php?rest_route=\/wp\/v2\/pages\/448","targetHints":{"allow":["GET"]}}],"collection":[{"href":"https:\/\/www.laborsl.de\/index.php?rest_route=\/wp\/v2\/pages"}],"about":[{"href":"https:\/\/www.laborsl.de\/index.php?rest_route=\/wp\/v2\/types\/page"}],"author":[{"embeddable":true,"href":"https:\/\/www.laborsl.de\/index.php?rest_route=\/wp\/v2\/users\/1"}],"replies":[{"embeddable":true,"href":"https:\/\/www.laborsl.de\/index.php?rest_route=%2Fwp%2Fv2%2Fcomments&post=448"}],"version-history":[{"count":15,"href":"https:\/\/www.laborsl.de\/index.php?rest_route=\/wp\/v2\/pages\/448\/revisions"}],"predecessor-version":[{"id":900,"href":"https:\/\/www.laborsl.de\/index.php?rest_route=\/wp\/v2\/pages\/448\/revisions\/900"}],"wp:attachment":[{"href":"https:\/\/www.laborsl.de\/index.php?rest_route=%2Fwp%2Fv2%2Fmedia&parent=448"}],"curies":[{"name":"wp","href":"https:\/\/api.w.org\/{rel}","templated":true}]}}