{"id":25,"date":"2019-09-04T11:38:48","date_gmt":"2019-09-04T11:38:48","guid":{"rendered":"http:\/\/test.laborsl.de\/?page_id=25"},"modified":"2021-02-17T21:02:23","modified_gmt":"2021-02-17T21:02:23","slug":"kontakt","status":"publish","type":"page","link":"https:\/\/www.laborsl.de\/?page_id=25","title":{"rendered":"Kontakt"},"content":{"rendered":"<p>[et_pb_section fb_built=&#8220;1&#8243; fullwidth=&#8220;on&#8220; admin_label=&#8220;Page Header&#8220; _builder_version=&#8220;3.27.4&#8243; background_image=&#8220;http:\/\/test.laborsl.de\/wp-content\/uploads\/2019\/09\/LSL-BG-Kontakt.jpg&#8220; animation_direction=&#8220;top&#8220;][et_pb_fullwidth_header title=&#8220;Kontakt&#8220; text_orientation=&#8220;center&#8220; admin_label=&#8220;Hero Section&#8220; _builder_version=&#8220;3.27.4&#8243; title_font=&#8220;Montserrat|on|||&#8220; title_font_size=&#8220;60px&#8220; title_line_height=&#8220;1.4em&#8220; content_font_size=&#8220;22px&#8220; content_line_height=&#8220;1.8em&#8220; subhead_font=&#8220;||||&#8220; background_color=&#8220;rgba(255, 255, 255, 0)&#8220; custom_button_one=&#8220;on&#8220; button_one_text_size=&#8220;16px&#8220; button_one_bg_color=&#8220;#6eba01&#8243; button_one_border_width=&#8220;2px&#8220; button_one_border_color=&#8220;#6eba01&#8243; button_one_border_radius=&#8220;0&#8243; button_one_letter_spacing=&#8220;2&#8243; button_one_font=&#8220;Montserrat|||on|&#8220; button_one_use_icon=&#8220;off&#8220; custom_button_two=&#8220;on&#8220; button_two_text_size=&#8220;16px&#8220; button_two_border_width=&#8220;2px&#8220; button_two_border_color=&#8220;#ffffff&#8220; button_two_border_radius=&#8220;0&#8243; button_two_letter_spacing=&#8220;2&#8243; button_two_font=&#8220;Montserrat|||on|&#8220; button_two_use_icon=&#8220;off&#8220; module_alignment=&#8220;left&#8220; animation_style=&#8220;fade&#8220; title_font_size_tablet=&#8220;&#8220; title_font_size_phone=&#8220;48px&#8220; title_font_size_last_edited=&#8220;on|phone&#8220; button_one_text_color_hover=&#8220;#6eba01&#8243; button_two_text_color_hover=&#8220;#6eba01&#8243; button_one_border_color_hover=&#8220;#ffffff&#8220; button_two_border_color_hover=&#8220;#ffffff&#8220; button_one_border_radius_hover=&#8220;0&#8243; button_two_border_radius_hover=&#8220;0&#8243; button_one_letter_spacing_hover=&#8220;2&#8243; button_two_letter_spacing_hover=&#8220;2&#8243; button_one_bg_color_hover=&#8220;#ffffff&#8220; button_two_bg_color_hover=&#8220;#ffffff&#8220; button_one_text_size__hover_enabled=&#8220;off&#8220; button_two_text_size__hover_enabled=&#8220;off&#8220; button_one_text_color__hover_enabled=&#8220;on&#8220; button_one_text_color__hover=&#8220;#6eba01&#8243; button_two_text_color__hover_enabled=&#8220;on&#8220; button_two_text_color__hover=&#8220;#6eba01&#8243; button_one_border_width__hover_enabled=&#8220;off&#8220; button_two_border_width__hover_enabled=&#8220;off&#8220; button_one_border_color__hover_enabled=&#8220;on&#8220; button_one_border_color__hover=&#8220;#ffffff&#8220; button_two_border_color__hover_enabled=&#8220;on&#8220; button_two_border_color__hover=&#8220;#ffffff&#8220; button_one_border_radius__hover_enabled=&#8220;on&#8220; button_one_border_radius__hover=&#8220;0&#8243; button_two_border_radius__hover_enabled=&#8220;on&#8220; button_two_border_radius__hover=&#8220;0&#8243; button_one_letter_spacing__hover_enabled=&#8220;on&#8220; button_one_letter_spacing__hover=&#8220;2&#8243; button_two_letter_spacing__hover_enabled=&#8220;on&#8220; button_two_letter_spacing__hover=&#8220;2&#8243; button_one_bg_color__hover_enabled=&#8220;on&#8220; button_one_bg_color__hover=&#8220;#ffffff&#8220; button_two_bg_color__hover_enabled=&#8220;on&#8220; button_two_bg_color__hover=&#8220;#ffffff&#8220;][\/et_pb_fullwidth_header][\/et_pb_section][et_pb_section fb_built=&#8220;1&#8243; admin_label=&#8220;Contact Info&#8220; _builder_version=&#8220;3.22&#8243; custom_padding=&#8220;50px||19px|||&#8220; locked=&#8220;off&#8220;][et_pb_row _builder_version=&#8220;3.25&#8243; custom_padding=&#8220;||40px|||&#8220; custom_width_px=&#8220;710px&#8220;][et_pb_column type=&#8220;4_4&#8243; _builder_version=&#8220;3.25&#8243; background_position=&#8220;top_left&#8220; custom_padding=&#8220;|||&#8220; custom_padding__hover=&#8220;|||&#8220;][et_pb_divider color=&#8220;#0C71C3&#8243; divider_weight=&#8220;3px&#8220; disabled_on=&#8220;off|off|off&#8220; _builder_version=&#8220;3.27.3&#8243; background_color_gradient_direction=&#8220;90deg&#8220; max_width=&#8220;100px&#8220; module_alignment=&#8220;center&#8220; height=&#8220;5px&#8220; custom_margin=&#8220;||20px|&#8220; custom_padding=&#8220;||20px|&#8220; animation_style=&#8220;slide&#8220; animation_direction=&#8220;bottom&#8220; saved_tabs=&#8220;all&#8220; locked=&#8220;off&#8220;][\/et_pb_divider][et_pb_text admin_label=&#8220;Contact Section Title&#8220; _builder_version=&#8220;3.27.4&#8243; header_font=&#8220;Montserrat||||&#8220; header_text_color=&#8220;#1f1f1f&#8220; header_font_size=&#8220;36px&#8220; text_orientation=&#8220;center&#8220; max_width=&#8220;710px&#8220; module_alignment=&#8220;center&#8220; animation_style=&#8220;fold&#8220; animation_direction=&#8220;bottom&#8220; animation_intensity_fold=&#8220;20%&#8220;]<\/p>\n<h1>Fragen? Kontaktieren sie uns<\/h1>\n<p>[\/et_pb_text][et_pb_text admin_label=&#8220;Contact Section Subtitle&#8220; _builder_version=&#8220;3.27.4&#8243; text_font_size=&#8220;16px&#8220; text_line_height=&#8220;1.9em&#8220; text_orientation=&#8220;center&#8220; max_width=&#8220;710px&#8220; module_alignment=&#8220;center&#8220; animation_style=&#8220;fold&#8220; animation_direction=&#8220;bottom&#8220; animation_intensity_fold=&#8220;20%&#8220;]<\/p>\n<p>Wenn Sie Ihre Fragen an die Werkstoffpr\u00fcfung, zur Durchf\u00fchrbarkeit von Pr\u00fcfung, die Bewertung von Pr\u00fcfergebnissen mit uns besprechen m\u00f6chten oder Probleme bei der Zulassung eines Bauproduktes haben so erreichen Sie uns zu unseren \u00d6ffnungszeiten\u00a0\u00a0 (Montag &#8211; Donnerstag: 8:00 bis 17:00 Uhr, Freitag: 8:00 bis 16:00 Uhr) unter 08233-246 99 50 oder nutzen Sie unser Kontaktformular.<\/p>\n<h1><strong><span style=\"color: #0c71c3;\"><\/span><\/strong><\/h1>\n<p>[\/et_pb_text][\/et_pb_column][\/et_pb_row][\/et_pb_section][et_pb_section fb_built=&#8220;1&#8243; admin_label=&#8220;Contact&#8220; _builder_version=&#8220;4.4.2&#8243; background_color=&#8220;#f4f4f4&#8243; min_height=&#8220;404px&#8220; custom_padding=&#8220;20px||20px||false|false&#8220;][et_pb_row _builder_version=&#8220;3.27.3&#8243;][et_pb_column type=&#8220;4_4&#8243; _builder_version=&#8220;3.27.3&#8243;][et_pb_text _builder_version=&#8220;4.4.2&#8243; text_font=&#8220;|600|||||||&#8220; text_text_color=&#8220;#0C71C3&#8243; text_font_size=&#8220;27px&#8220; text_orientation=&#8220;center&#8220; text_text_align=&#8220;center&#8220;]<\/p>\n<p>Standort Kissing<\/p>\n<p>[\/et_pb_text][\/et_pb_column][\/et_pb_row][et_pb_row column_structure=&#8220;1_3,1_3,1_3&#8243; _builder_version=&#8220;4.4.6&#8243; background_size=&#8220;initial&#8220; background_position=&#8220;top_left&#8220; background_repeat=&#8220;repeat&#8220; custom_padding=&#8220;0px||||false|false&#8220; locked=&#8220;off&#8220;][et_pb_column type=&#8220;1_3&#8243; _builder_version=&#8220;3.25&#8243; background_position=&#8220;top_left&#8220; custom_padding=&#8220;|||&#8220; custom_padding__hover=&#8220;|||&#8220;][et_pb_blurb title=&#8220;Adresse&#8220; use_icon=&#8220;on&#8220; font_icon=&#8220;%%249%%&#8220; icon_color=&#8220;#0C71C3&#8243; use_icon_font_size=&#8220;on&#8220; icon_font_size=&#8220;60px&#8220; icon_font_size_last_edited=&#8220;off|desktop&#8220; admin_label=&#8220;Address&#8220; _builder_version=&#8220;3.27.3&#8243; header_font=&#8220;Montserrat||||&#8220; header_text_color=&#8220;#1f1f1f&#8220; header_font_size=&#8220;22px&#8220; header_line_height=&#8220;1.8em&#8220; body_font_size=&#8220;16px&#8220; body_line_height=&#8220;1.9em&#8220; text_orientation=&#8220;center&#8220; custom_margin=&#8220;|||&#8220; custom_padding=&#8220;30px|30px|30px|30px&#8220; animation_style=&#8220;fold&#8220; animation_direction=&#8220;bottom&#8220; animation_intensity_fold=&#8220;30%&#8220; border_width_all=&#8220;0px&#8220; border_color_all=&#8220;#e0e0e0&#8243; border_style_all=&#8220;solid&#8220; use_border_color=&#8220;on&#8220; border_color=&#8220;#e0e0e0&#8243; locked=&#8220;off&#8220;]<\/p>\n<p><span style=\"font-size: large;\">R\u00f6merstra\u00dfe 23<\/span><br \/><span style=\"font-size: large;\">86438 Kissing<\/span><\/p>\n<p>[\/et_pb_blurb][\/et_pb_column][et_pb_column type=&#8220;1_3&#8243; _builder_version=&#8220;3.25&#8243; background_position=&#8220;top_left&#8220; custom_padding=&#8220;|||&#8220; custom_padding__hover=&#8220;|||&#8220;][et_pb_blurb title=&#8220;Phone&#8220; use_icon=&#8220;on&#8220; font_icon=&#8220;%%104%%&#8220; icon_color=&#8220;#0C71C3&#8243; use_icon_font_size=&#8220;on&#8220; icon_font_size=&#8220;60px&#8220; icon_font_size_last_edited=&#8220;off|desktop&#8220; _builder_version=&#8220;3.27.3&#8243; header_font=&#8220;Montserrat||||&#8220; header_text_color=&#8220;#1f1f1f&#8220; header_font_size=&#8220;22px&#8220; header_line_height=&#8220;1.8em&#8220; body_font_size=&#8220;16px&#8220; body_line_height=&#8220;1.9em&#8220; text_orientation=&#8220;center&#8220; custom_margin=&#8220;|||&#8220; custom_padding=&#8220;30px|30px|30px|30px&#8220; animation_style=&#8220;fold&#8220; animation_direction=&#8220;bottom&#8220; animation_delay=&#8220;100ms&#8220; animation_intensity_fold=&#8220;30%&#8220; border_width_all=&#8220;0px&#8220; border_color_all=&#8220;#e0e0e0&#8243; border_style_all=&#8220;solid&#8220; use_border_color=&#8220;on&#8220; border_color=&#8220;#e0e0e0&#8243; locked=&#8220;off&#8220;]<\/p>\n<p><span style=\"font-size: 16px;\"><span style=\"font-size: large;\">08233 \/ 246 99 50<\/span><br \/><\/span><\/p>\n<p>[\/et_pb_blurb][\/et_pb_column][et_pb_column type=&#8220;1_3&#8243; _builder_version=&#8220;3.25&#8243; background_position=&#8220;top_left&#8220; custom_padding=&#8220;|||&#8220; custom_padding__hover=&#8220;|||&#8220;][et_pb_blurb title=&#8220;Email&#8220; use_icon=&#8220;on&#8220; font_icon=&#8220;%%238%%&#8220; icon_color=&#8220;#0C71C3&#8243; use_icon_font_size=&#8220;on&#8220; icon_font_size=&#8220;60px&#8220; icon_font_size_last_edited=&#8220;off|desktop&#8220; admin_label=&#8220;Email&#8220; _builder_version=&#8220;3.27.3&#8243; header_font=&#8220;Montserrat||||&#8220; header_text_color=&#8220;#1f1f1f&#8220; header_font_size=&#8220;22px&#8220; header_line_height=&#8220;1.8em&#8220; body_font_size=&#8220;16px&#8220; body_line_height=&#8220;1.9em&#8220; text_orientation=&#8220;center&#8220; custom_margin=&#8220;|||&#8220; custom_padding=&#8220;30px|30px|30px|30px&#8220; animation_style=&#8220;fold&#8220; animation_direction=&#8220;bottom&#8220; animation_delay=&#8220;200ms&#8220; animation_intensity_fold=&#8220;30%&#8220; border_width_all=&#8220;0px&#8220; border_color_all=&#8220;#e0e0e0&#8243; border_style_all=&#8220;solid&#8220; use_border_color=&#8220;on&#8220; border_color=&#8220;#e0e0e0&#8243; locked=&#8220;off&#8220;]<\/p>\n<p><span style=\"font-size: large;\">info@laborsl.de<\/span><\/p>\n<p>[\/et_pb_blurb][\/et_pb_column][\/et_pb_row][\/et_pb_section][et_pb_section fb_built=&#8220;1&#8243; fullwidth=&#8220;on&#8220; _builder_version=&#8220;3.27.4&#8243;][et_pb_fullwidth_map google_api_key=&#8220;AIzaSyAPg9IY46fC2rGLKMRsKg6BwL1vtR12UZ0&#8243; address=&#8220;R\u00f6merstra\u00dfe 23, 86438 Kissing, Germany&#8220; zoom_level=&#8220;15&#8243; address_lat=&#8220;48.296814&#8243; address_lng=&#8220;10.963532&#8243; _builder_version=&#8220;3.29.3&#8243; hover_enabled=&#8220;0&#8243; sticky_enabled=&#8220;0&#8243;][et_pb_map_pin title=&#8220;Pr\u00fcfstelle Kissing&#8220; pin_address=&#8220;R\u00f6merstra\u00dfe 23, 86438 Kissing, Germany&#8220; pin_address_lat=&#8220;48.296814&#8243; pin_address_lng=&#8220;10.963532&#8243; _builder_version=&#8220;3.29.3&#8243;][\/et_pb_map_pin][\/et_pb_fullwidth_map][\/et_pb_section][et_pb_section fb_built=&#8220;1&#8243; admin_label=&#8220;Contact&#8220; _builder_version=&#8220;4.4.2&#8243; background_color=&#8220;#f4f4f4&#8243; min_height=&#8220;414px&#8220; custom_padding=&#8220;30px||30px||false|false&#8220;][et_pb_row _builder_version=&#8220;3.27.3&#8243;][et_pb_column type=&#8220;4_4&#8243; _builder_version=&#8220;3.27.3&#8243;][et_pb_text _builder_version=&#8220;4.4.2&#8243; text_font=&#8220;|600|||||||&#8220; text_text_color=&#8220;#0C71C3&#8243; text_font_size=&#8220;27px&#8220; text_orientation=&#8220;center&#8220; text_text_align=&#8220;center&#8220;]<\/p>\n<p>Standort M\u00fcnchen<\/p>\n<p>[\/et_pb_text][\/et_pb_column][\/et_pb_row][et_pb_row column_structure=&#8220;1_3,1_3,1_3&#8243; _builder_version=&#8220;4.4.6&#8243; background_size=&#8220;initial&#8220; background_position=&#8220;top_left&#8220; background_repeat=&#8220;repeat&#8220; custom_padding=&#8220;0px||||false|false&#8220; locked=&#8220;off&#8220;][et_pb_column type=&#8220;1_3&#8243; _builder_version=&#8220;3.25&#8243; background_position=&#8220;top_left&#8220; custom_padding=&#8220;|||&#8220; custom_padding__hover=&#8220;|||&#8220;][et_pb_blurb title=&#8220;Adresse&#8220; use_icon=&#8220;on&#8220; font_icon=&#8220;%%249%%&#8220; icon_color=&#8220;#0C71C3&#8243; use_icon_font_size=&#8220;on&#8220; icon_font_size=&#8220;60px&#8220; icon_font_size_last_edited=&#8220;off|desktop&#8220; admin_label=&#8220;Address&#8220; _builder_version=&#8220;3.29.3&#8243; header_font=&#8220;Montserrat||||&#8220; header_text_color=&#8220;#1f1f1f&#8220; header_font_size=&#8220;22px&#8220; header_line_height=&#8220;1.8em&#8220; body_font_size=&#8220;16px&#8220; body_line_height=&#8220;1.9em&#8220; text_orientation=&#8220;center&#8220; custom_margin=&#8220;|||&#8220; custom_padding=&#8220;30px|30px|30px|30px&#8220; animation_style=&#8220;fold&#8220; animation_direction=&#8220;bottom&#8220; animation_intensity_fold=&#8220;30%&#8220; border_width_all=&#8220;0px&#8220; border_color_all=&#8220;#e0e0e0&#8243; border_style_all=&#8220;solid&#8220; use_border_color=&#8220;on&#8220; border_color=&#8220;#e0e0e0&#8243; locked=&#8220;off&#8220;]<\/p>\n<p><span style=\"font-size: large;\">Karlstr. 6<\/span><br \/><span style=\"font-size: large;\">80333 M\u00fcnchen<\/span><\/p>\n<p>[\/et_pb_blurb][\/et_pb_column][et_pb_column type=&#8220;1_3&#8243; _builder_version=&#8220;3.25&#8243; background_position=&#8220;top_left&#8220; custom_padding=&#8220;|||&#8220; custom_padding__hover=&#8220;|||&#8220;][et_pb_blurb title=&#8220;Phone&#8220; use_icon=&#8220;on&#8220; font_icon=&#8220;%%104%%&#8220; icon_color=&#8220;#0C71C3&#8243; use_icon_font_size=&#8220;on&#8220; icon_font_size=&#8220;60px&#8220; icon_font_size_last_edited=&#8220;off|desktop&#8220; _builder_version=&#8220;3.27.3&#8243; header_font=&#8220;Montserrat||||&#8220; header_text_color=&#8220;#1f1f1f&#8220; header_font_size=&#8220;22px&#8220; header_line_height=&#8220;1.8em&#8220; body_font_size=&#8220;16px&#8220; body_line_height=&#8220;1.9em&#8220; text_orientation=&#8220;center&#8220; custom_margin=&#8220;|||&#8220; custom_padding=&#8220;30px|30px|30px|30px&#8220; animation_style=&#8220;fold&#8220; animation_direction=&#8220;bottom&#8220; animation_delay=&#8220;100ms&#8220; animation_intensity_fold=&#8220;30%&#8220; border_width_all=&#8220;0px&#8220; border_color_all=&#8220;#e0e0e0&#8243; border_style_all=&#8220;solid&#8220; use_border_color=&#8220;on&#8220; border_color=&#8220;#e0e0e0&#8243; locked=&#8220;off&#8220;]<\/p>\n<p><span style=\"font-size: large;\">089 \/ 12 65 26 11<\/span><\/p>\n<p>[\/et_pb_blurb][\/et_pb_column][et_pb_column type=&#8220;1_3&#8243; _builder_version=&#8220;3.25&#8243; background_position=&#8220;top_left&#8220; custom_padding=&#8220;|||&#8220; custom_padding__hover=&#8220;|||&#8220;][et_pb_blurb title=&#8220;Email&#8220; use_icon=&#8220;on&#8220; font_icon=&#8220;%%238%%&#8220; icon_color=&#8220;#0C71C3&#8243; use_icon_font_size=&#8220;on&#8220; icon_font_size=&#8220;60px&#8220; icon_font_size_last_edited=&#8220;off|desktop&#8220; admin_label=&#8220;Email&#8220; _builder_version=&#8220;3.27.3&#8243; header_font=&#8220;Montserrat||||&#8220; header_text_color=&#8220;#1f1f1f&#8220; header_font_size=&#8220;22px&#8220; header_line_height=&#8220;1.8em&#8220; body_font_size=&#8220;16px&#8220; body_line_height=&#8220;1.9em&#8220; text_orientation=&#8220;center&#8220; custom_margin=&#8220;|||&#8220; custom_padding=&#8220;30px|30px|30px|30px&#8220; animation_style=&#8220;fold&#8220; animation_direction=&#8220;bottom&#8220; animation_delay=&#8220;200ms&#8220; animation_intensity_fold=&#8220;30%&#8220; border_width_all=&#8220;0px&#8220; border_color_all=&#8220;#e0e0e0&#8243; border_style_all=&#8220;solid&#8220; use_border_color=&#8220;on&#8220; border_color=&#8220;#e0e0e0&#8243; locked=&#8220;off&#8220;]<\/p>\n<p><span style=\"font-size: large;\">info@laborsl.de<\/span><\/p>\n<p>[\/et_pb_blurb][\/et_pb_column][\/et_pb_row][\/et_pb_section][et_pb_section fb_built=&#8220;1&#8243; fullwidth=&#8220;on&#8220; _builder_version=&#8220;3.27.4&#8243;][et_pb_fullwidth_map address=&#8220;Karlstra\u00dfe 6, 80333 M\u00fcnchen, Germany&#8220; zoom_level=&#8220;17&#8243; address_lat=&#8220;48.142758&#8243; address_lng=&#8220;11.5684338&#8243; _builder_version=&#8220;3.29.3&#8243; link_option_url=&#8220;<iframe src=%22https:\/\/www.google.com\/maps\/embed?pb=!1m18!1m12!1m3!1d2654.31390132281!2d10.961343315654606!3d48.296813979236475!2m3!1f0!2f0!3f0!3m2!1i1024!2i768!4f13.1!3m3!1m2!1s0x479e9969ef5439ef%3A0xf30984877db8eb7e!2sR%C3%B6merstra%C3%9Fe%2023%2C%2086438%20Kissing!5e0!3m2!1sde!2sde!4v1567687754776!5m2!1sde!2sde%22 width=%22800%22 height=%22600%22 frameborder=%220%22 style=%22border:0;%22 allowfullscreen=%22%22><\/iframe>&#8222;][et_pb_map_pin pin_address=&#8220;Karlstra\u00dfe 6, 80333 M\u00fcnchen, Germany&#8220; pin_address_lat=&#8220;48.142758&#8243; pin_address_lng=&#8220;11.5684338&#8243; _builder_version=&#8220;3.29.3&#8243;][\/et_pb_map_pin][\/et_pb_fullwidth_map][\/et_pb_section][et_pb_section fb_built=&#8220;1&#8243; admin_label=&#8220;Contact&#8220; _builder_version=&#8220;4.4.2&#8243; background_color=&#8220;#f4f4f4&#8243; min_height=&#8220;414px&#8220; custom_padding=&#8220;30px||30px||false|false&#8220;][et_pb_row _builder_version=&#8220;3.27.3&#8243;][et_pb_column type=&#8220;4_4&#8243; _builder_version=&#8220;3.27.3&#8243;][et_pb_text _builder_version=&#8220;4.4.2&#8243; text_font=&#8220;|600|||||||&#8220; text_text_color=&#8220;#0C71C3&#8243; text_font_size=&#8220;27px&#8220; text_orientation=&#8220;center&#8220; text_text_align=&#8220;center&#8220;]<\/p>\n<p>Standort Weingarten<\/p>\n<p>[\/et_pb_text][\/et_pb_column][\/et_pb_row][et_pb_row column_structure=&#8220;1_3,1_3,1_3&#8243; _builder_version=&#8220;4.4.6&#8243; background_size=&#8220;initial&#8220; background_position=&#8220;top_left&#8220; background_repeat=&#8220;repeat&#8220; custom_padding=&#8220;0px||||false|false&#8220; locked=&#8220;off&#8220;][et_pb_column type=&#8220;1_3&#8243; _builder_version=&#8220;3.25&#8243; background_position=&#8220;top_left&#8220; custom_padding=&#8220;|||&#8220; custom_padding__hover=&#8220;|||&#8220;][et_pb_blurb title=&#8220;Adresse&#8220; use_icon=&#8220;on&#8220; font_icon=&#8220;%%249%%&#8220; icon_color=&#8220;#0C71C3&#8243; use_icon_font_size=&#8220;on&#8220; icon_font_size=&#8220;60px&#8220; icon_font_size_last_edited=&#8220;off|desktop&#8220; admin_label=&#8220;Address&#8220; _builder_version=&#8220;3.29.3&#8243; header_font=&#8220;Montserrat||||&#8220; header_text_color=&#8220;#1f1f1f&#8220; header_font_size=&#8220;22px&#8220; header_line_height=&#8220;1.8em&#8220; body_font_size=&#8220;16px&#8220; body_line_height=&#8220;1.9em&#8220; text_orientation=&#8220;center&#8220; custom_margin=&#8220;|||&#8220; custom_padding=&#8220;30px|30px|30px|30px&#8220; animation_style=&#8220;fold&#8220; animation_direction=&#8220;bottom&#8220; animation_intensity_fold=&#8220;30%&#8220; border_width_all=&#8220;0px&#8220; border_color_all=&#8220;#e0e0e0&#8243; border_style_all=&#8220;solid&#8220; use_border_color=&#8220;on&#8220; border_color=&#8220;#e0e0e0&#8243; locked=&#8220;off&#8220;]<\/p>\n<p><span style=\"font-size: large;\">K\u00f6rnerstr. 10-12<\/span><br \/><span style=\"font-size: large;\">76356 Weingarten<\/span><\/p>\n<p>[\/et_pb_blurb][\/et_pb_column][et_pb_column type=&#8220;1_3&#8243; _builder_version=&#8220;3.25&#8243; background_position=&#8220;top_left&#8220; custom_padding=&#8220;|||&#8220; custom_padding__hover=&#8220;|||&#8220;][et_pb_blurb title=&#8220;Phone&#8220; use_icon=&#8220;on&#8220; font_icon=&#8220;%%104%%&#8220; icon_color=&#8220;#0C71C3&#8243; use_icon_font_size=&#8220;on&#8220; icon_font_size=&#8220;60px&#8220; icon_font_size_last_edited=&#8220;off|desktop&#8220; _builder_version=&#8220;3.27.3&#8243; header_font=&#8220;Montserrat||||&#8220; header_text_color=&#8220;#1f1f1f&#8220; header_font_size=&#8220;22px&#8220; header_line_height=&#8220;1.8em&#8220; body_font_size=&#8220;16px&#8220; body_line_height=&#8220;1.9em&#8220; text_orientation=&#8220;center&#8220; custom_margin=&#8220;|||&#8220; custom_padding=&#8220;30px|30px|30px|30px&#8220; animation_style=&#8220;fold&#8220; animation_direction=&#8220;bottom&#8220; animation_delay=&#8220;100ms&#8220; animation_intensity_fold=&#8220;30%&#8220; hover_enabled=&#8220;0&#8243; border_width_all=&#8220;0px&#8220; border_color_all=&#8220;#e0e0e0&#8243; border_style_all=&#8220;solid&#8220; use_border_color=&#8220;on&#8220; border_color=&#8220;#e0e0e0&#8243; locked=&#8220;off&#8220; sticky_enabled=&#8220;0&#8243;]<\/p>\n<p><span style=\"font-size: large;\">07244 \/ 74 27 32<\/span><\/p>\n<p>[\/et_pb_blurb][\/et_pb_column][et_pb_column type=&#8220;1_3&#8243; _builder_version=&#8220;3.25&#8243; background_position=&#8220;top_left&#8220; custom_padding=&#8220;|||&#8220; custom_padding__hover=&#8220;|||&#8220;][et_pb_blurb title=&#8220;Email&#8220; use_icon=&#8220;on&#8220; font_icon=&#8220;%%238%%&#8220; icon_color=&#8220;#0C71C3&#8243; use_icon_font_size=&#8220;on&#8220; icon_font_size=&#8220;60px&#8220; icon_font_size_last_edited=&#8220;off|desktop&#8220; admin_label=&#8220;Email&#8220; _builder_version=&#8220;3.27.3&#8243; header_font=&#8220;Montserrat||||&#8220; header_text_color=&#8220;#1f1f1f&#8220; header_font_size=&#8220;22px&#8220; header_line_height=&#8220;1.8em&#8220; body_font_size=&#8220;16px&#8220; body_line_height=&#8220;1.9em&#8220; text_orientation=&#8220;center&#8220; custom_margin=&#8220;|||&#8220; custom_padding=&#8220;30px|30px|30px|30px&#8220; animation_style=&#8220;fold&#8220; animation_direction=&#8220;bottom&#8220; animation_delay=&#8220;200ms&#8220; animation_intensity_fold=&#8220;30%&#8220; border_width_all=&#8220;0px&#8220; border_color_all=&#8220;#e0e0e0&#8243; border_style_all=&#8220;solid&#8220; use_border_color=&#8220;on&#8220; border_color=&#8220;#e0e0e0&#8243; locked=&#8220;off&#8220;]<\/p>\n<p><span style=\"font-size: large;\">info@laborsl.de<\/span><\/p>\n<p>[\/et_pb_blurb][\/et_pb_column][\/et_pb_row][\/et_pb_section]<\/p>\n","protected":false},"excerpt":{"rendered":"<p>Fragen? Kontaktieren sie unsWenn Sie Ihre Fragen an die Werkstoffpr\u00fcfung, zur Durchf\u00fchrbarkeit von Pr\u00fcfung, die Bewertung von Pr\u00fcfergebnissen mit uns besprechen m\u00f6chten oder Probleme bei der Zulassung eines Bauproduktes haben so erreichen Sie uns zu unseren \u00d6ffnungszeiten\u00a0\u00a0 (Montag &#8211; Donnerstag: 8:00 bis 17:00 Uhr, Freitag: 8:00 bis 16:00 Uhr) unter 08233-246 99 50 oder nutzen [&hellip;]<\/p>\n","protected":false},"author":1,"featured_media":0,"parent":0,"menu_order":0,"comment_status":"closed","ping_status":"closed","template":"","meta":{"_et_pb_use_builder":"on","_et_pb_old_content":"","_et_gb_content_width":"","footnotes":""},"class_list":["post-25","page","type-page","status-publish","hentry"],"_links":{"self":[{"href":"https:\/\/www.laborsl.de\/index.php?rest_route=\/wp\/v2\/pages\/25","targetHints":{"allow":["GET"]}}],"collection":[{"href":"https:\/\/www.laborsl.de\/index.php?rest_route=\/wp\/v2\/pages"}],"about":[{"href":"https:\/\/www.laborsl.de\/index.php?rest_route=\/wp\/v2\/types\/page"}],"author":[{"embeddable":true,"href":"https:\/\/www.laborsl.de\/index.php?rest_route=\/wp\/v2\/users\/1"}],"replies":[{"embeddable":true,"href":"https:\/\/www.laborsl.de\/index.php?rest_route=%2Fwp%2Fv2%2Fcomments&post=25"}],"version-history":[{"count":35,"href":"https:\/\/www.laborsl.de\/index.php?rest_route=\/wp\/v2\/pages\/25\/revisions"}],"predecessor-version":[{"id":880,"href":"https:\/\/www.laborsl.de\/index.php?rest_route=\/wp\/v2\/pages\/25\/revisions\/880"}],"wp:attachment":[{"href":"https:\/\/www.laborsl.de\/index.php?rest_route=%2Fwp%2Fv2%2Fmedia&parent=25"}],"curies":[{"name":"wp","href":"https:\/\/api.w.org\/{rel}","templated":true}]}}