{"id":219,"date":"2019-09-10T13:23:33","date_gmt":"2019-09-10T13:23:33","guid":{"rendered":"http:\/\/test.laborsl.de\/?page_id=219"},"modified":"2020-06-05T15:02:03","modified_gmt":"2020-06-05T15:02:03","slug":"geschichte","status":"publish","type":"page","link":"https:\/\/www.laborsl.de\/?page_id=219","title":{"rendered":"Geschichte"},"content":{"rendered":"<p>[et_pb_section fb_built=&#8220;1&#8243; fullwidth=&#8220;on&#8220; admin_label=&#8220;Page Header&#8220; _builder_version=&#8220;3.22&#8243; background_image=&#8220;http:\/\/test.laborsl.de\/wp-content\/uploads\/2019\/09\/business-08.jpg&#8220; parallax=&#8220;on&#8220;][et_pb_fullwidth_header title=&#8220;Geschichte&#8220; text_orientation=&#8220;center&#8220; admin_label=&#8220;Hero Section&#8220; _builder_version=&#8220;3.29.3&#8243; title_font=&#8220;Montserrat|on|||&#8220; title_font_size=&#8220;60px&#8220; title_line_height=&#8220;1.4em&#8220; content_font_size=&#8220;22px&#8220; content_line_height=&#8220;1.8em&#8220; subhead_font=&#8220;||||&#8220; background_color=&#8220;rgba(255, 255, 255, 0)&#8220; custom_button_one=&#8220;on&#8220; button_one_text_size=&#8220;16px&#8220; button_one_bg_color=&#8220;#6eba01&#8243; button_one_border_width=&#8220;2px&#8220; button_one_border_color=&#8220;#6eba01&#8243; button_one_border_radius=&#8220;0&#8243; button_one_letter_spacing=&#8220;2&#8243; button_one_font=&#8220;Montserrat|||on|&#8220; button_one_use_icon=&#8220;off&#8220; custom_button_two=&#8220;on&#8220; button_two_text_size=&#8220;16px&#8220; button_two_border_width=&#8220;2px&#8220; button_two_border_color=&#8220;#ffffff&#8220; button_two_border_radius=&#8220;0&#8243; button_two_letter_spacing=&#8220;2&#8243; button_two_font=&#8220;Montserrat|||on|&#8220; button_two_use_icon=&#8220;off&#8220; module_alignment=&#8220;left&#8220; button_one_text_color_hover=&#8220;#6eba01&#8243; button_two_text_color_hover=&#8220;#6eba01&#8243; button_one_border_color_hover=&#8220;#ffffff&#8220; button_two_border_color_hover=&#8220;#ffffff&#8220; button_one_border_radius_hover=&#8220;0&#8243; button_two_border_radius_hover=&#8220;0&#8243; button_one_letter_spacing_hover=&#8220;2&#8243; button_two_letter_spacing_hover=&#8220;2&#8243; button_one_bg_color_hover=&#8220;#ffffff&#8220; button_two_bg_color_hover=&#8220;#ffffff&#8220; button_one_text_size__hover_enabled=&#8220;off&#8220; button_two_text_size__hover_enabled=&#8220;off&#8220; button_one_text_color__hover_enabled=&#8220;on&#8220; button_one_text_color__hover=&#8220;#6eba01&#8243; button_two_text_color__hover_enabled=&#8220;on&#8220; button_two_text_color__hover=&#8220;#6eba01&#8243; button_one_border_width__hover_enabled=&#8220;off&#8220; button_two_border_width__hover_enabled=&#8220;off&#8220; button_one_border_color__hover_enabled=&#8220;on&#8220; button_one_border_color__hover=&#8220;#ffffff&#8220; button_two_border_color__hover_enabled=&#8220;on&#8220; button_two_border_color__hover=&#8220;#ffffff&#8220; button_one_border_radius__hover_enabled=&#8220;on&#8220; button_one_border_radius__hover=&#8220;0&#8243; button_two_border_radius__hover_enabled=&#8220;on&#8220; button_two_border_radius__hover=&#8220;0&#8243; button_one_letter_spacing__hover_enabled=&#8220;on&#8220; button_one_letter_spacing__hover=&#8220;2&#8243; button_two_letter_spacing__hover_enabled=&#8220;on&#8220; button_two_letter_spacing__hover=&#8220;2&#8243; button_one_bg_color__hover_enabled=&#8220;on&#8220; button_one_bg_color__hover=&#8220;#ffffff&#8220; button_two_bg_color__hover_enabled=&#8220;on&#8220; button_two_bg_color__hover=&#8220;#ffffff&#8220;][\/et_pb_fullwidth_header][\/et_pb_section][et_pb_section fb_built=&#8220;1&#8243; admin_label=&#8220;Split Section&#8220; _builder_version=&#8220;3.22&#8243; custom_padding=&#8220;0px||0px|&#8220; animation_style=&#8220;fold&#8220; animation_direction=&#8220;bottom&#8220; animation_intensity_fold=&#8220;4%&#8220;][et_pb_row column_structure=&#8220;1_2,1_2&#8243; use_custom_gutter=&#8220;on&#8220; gutter_width=&#8220;1&#8243; make_equal=&#8220;on&#8220; module_class=&#8220; et_pb_row_fullwidth&#8220; _builder_version=&#8220;4.4.6&#8243; background_size=&#8220;initial&#8220; background_position=&#8220;top_left&#8220; background_repeat=&#8220;repeat&#8220; width=&#8220;100%&#8220; width_tablet=&#8220;100%&#8220; width_phone=&#8220;&#8220; width_last_edited=&#8220;on|desktop&#8220; max_width=&#8220;100%&#8220; max_width_tablet=&#8220;100%&#8220; max_width_phone=&#8220;&#8220; max_width_last_edited=&#8220;on|desktop&#8220; custom_margin=&#8220;0px||0px|&#8220; custom_padding=&#8220;0px||0px|&#8220; animation_style=&#8220;flip&#8220; animation_direction=&#8220;right&#8220; animation_intensity_flip=&#8220;20%&#8220; hover_enabled=&#8220;0&#8243; make_fullwidth=&#8220;on&#8220;][et_pb_column type=&#8220;1_2&#8243; _builder_version=&#8220;4.4.2&#8243; use_background_color_gradient=&#8220;on&#8220; background_image=&#8220;http:\/\/test.laborsl.de\/wp-content\/uploads\/2020\/05\/lsl_geschichte_02.jpg&#8220; background_position=&#8220;top_left&#8220; custom_padding=&#8220;|||&#8220; custom_padding__hover=&#8220;|||&#8220;][\/et_pb_column][et_pb_column type=&#8220;1_2&#8243; _builder_version=&#8220;3.25&#8243; background_position=&#8220;top_left&#8220; custom_padding=&#8220;8%|6%|8%|6%&#8220; custom_padding__hover=&#8220;|||&#8220;][et_pb_divider color=&#8220;#4e5ed0&#8243; divider_weight=&#8220;3px&#8220; disabled_on=&#8220;off|off|off&#8220; _builder_version=&#8220;3.2&#8243; background_color_gradient_direction=&#8220;90deg&#8220; max_width=&#8220;100px&#8220; module_alignment=&#8220;left&#8220; height=&#8220;5px&#8220; custom_margin=&#8220;||20px|&#8220; custom_padding=&#8220;||20px|&#8220; animation_style=&#8220;slide&#8220; animation_direction=&#8220;bottom&#8220; saved_tabs=&#8220;all&#8220; locked=&#8220;off&#8220;][\/et_pb_divider][et_pb_cta title=&#8220;Gr\u00fcndung&#8220; button_url=&#8220;#&#8220; admin_label=&#8220;Feature 01&#8243; _builder_version=&#8220;4.4.2&#8243; header_font=&#8220;Montserrat||||&#8220; header_text_color=&#8220;#1f1f1f&#8220; header_font_size=&#8220;36&#8243; header_line_height=&#8220;1.4em&#8220; body_font_size=&#8220;16&#8243; body_line_height=&#8220;1.9em&#8220; use_background_color=&#8220;off&#8220; custom_button=&#8220;on&#8220; button_text_size=&#8220;18&#8243; button_text_color=&#8220;#ffffff&#8220; button_bg_color=&#8220;#6eba01&#8243; button_border_color=&#8220;#6eba01&#8243; button_border_radius=&#8220;0&#8243; button_letter_spacing=&#8220;2&#8243; button_font=&#8220;Montserrat|||on|&#8220; button_use_icon=&#8220;off&#8220; text_orientation=&#8220;left&#8220; background_layout=&#8220;light&#8220; max_width=&#8220;600px&#8220; module_alignment=&#8220;left&#8220; custom_margin=&#8220;|140px||||&#8220; custom_padding=&#8220;|0px||||&#8220; animation_style=&#8220;fold&#8220; animation_direction=&#8220;bottom&#8220; animation_intensity_fold=&#8220;15%&#8220; button_text_color_hover=&#8220;#6eba01&#8243; button_border_color_hover=&#8220;#6eba01&#8243; button_border_radius_hover=&#8220;0&#8243; button_letter_spacing_hover=&#8220;2&#8243; button_bg_color_hover=&#8220;rgba(0,0,0,0)&#8220; saved_tabs=&#8220;all&#8220; locked=&#8220;off&#8220; button_text_size__hover_enabled=&#8220;off&#8220; button_one_text_size__hover_enabled=&#8220;off&#8220; button_two_text_size__hover_enabled=&#8220;off&#8220; button_text_color__hover_enabled=&#8220;on&#8220; button_text_color__hover=&#8220;#6eba01&#8243; button_one_text_color__hover_enabled=&#8220;off&#8220; button_two_text_color__hover_enabled=&#8220;off&#8220; button_border_width__hover_enabled=&#8220;off&#8220; button_one_border_width__hover_enabled=&#8220;off&#8220; button_two_border_width__hover_enabled=&#8220;off&#8220; button_border_color__hover_enabled=&#8220;on&#8220; button_border_color__hover=&#8220;#6eba01&#8243; button_one_border_color__hover_enabled=&#8220;off&#8220; button_two_border_color__hover_enabled=&#8220;off&#8220; button_border_radius__hover_enabled=&#8220;on&#8220; button_border_radius__hover=&#8220;0&#8243; button_one_border_radius__hover_enabled=&#8220;off&#8220; button_two_border_radius__hover_enabled=&#8220;off&#8220; button_letter_spacing__hover_enabled=&#8220;on&#8220; button_letter_spacing__hover=&#8220;2&#8243; button_one_letter_spacing__hover_enabled=&#8220;off&#8220; button_two_letter_spacing__hover_enabled=&#8220;off&#8220; button_bg_color__hover_enabled=&#8220;on&#8220; button_bg_color__hover=&#8220;rgba(0,0,0,0)&#8220; button_one_bg_color__hover_enabled=&#8220;off&#8220; button_two_bg_color__hover_enabled=&#8220;off&#8220;]<\/p>\n<h3><span style=\"font-size: medium;\">Die Labor f\u00fcr Stahl- und Leichtmetallbau wurde im <strong>Jahre 1996<\/strong> von Prof. Dr. Ing. \u00d6mer Bucak an der Fachhochschule M\u00fcnchen gegr\u00fcndet.<\/span><br \/> <span style=\"font-size: medium;\">Die ersten Standardversuche fanden an der sogenannten &#8222;Stahlbausammlung&#8220; der FH mit einer 100kN-Schenck-Trebel-Maschine statt. F\u00fcr die Gro\u00dfversuche und Bauteilversuche stand die Freifl\u00e4che vor der Schlosserei im Keller der FH M\u00fcnchen an der Karlstr. 6 zur Verf\u00fcgung.<\/span><\/h3>\n<h3><span style=\"font-size: medium;\">Die Probek\u00f6rper wurden von unseren damaligen Studenten in den Keller transportiert, aufgebaut und die Traglastversuche durchgef\u00fchrt.<\/span><\/h3>\n<h3><span style=\"font-size: medium;\">Im Jahre 1999 wurde die erste Halle in Kissing gemietet. Umfangreiche Bauma\u00dfnahmen wie neue Bodenplatten, neue Maschinenfundamente etc wurden haupts\u00e4chlich durch unsere Mitarbeiter durchgef\u00fchrt &#8211; wir sind schlie\u00dflich alle Bauingenieure.<\/span><\/h3>\n<h3><span style=\"font-size: medium;\"><\/span><span style=\"font-size: medium;\">Erst im Jahre 2004 fand der Umzug der Au\u00dfenstelle Karlsruhe in die neuen R\u00e4ume in Weingarten bei Karlsruhe statt.<br \/><\/span><\/h3>\n<h3><span style=\"font-size: medium;\">Mit der Zunahme der Pr\u00fcf- und \u00dcberwachungst\u00e4tigkeiten und der Genehmigung neuer Forschugnsprogramme stellte sich heraus, dass eine Gro\u00dfl\u00f6sung unabdingbar sei. Die Gemeinde Kissing erm\u00f6glichte uns die Anschaffung eines Grundst\u00fccks mit ca 10.000m\u00b2 im neuen Industriegebiet, in dem wir auch unsere lauten Pr\u00fcfmaschinen und Vibratorpr\u00fcfst\u00e4nde (Schallpegel bis 119 db) ohne Bedenken laufenlassen konnten.<\/span><\/h3>\n<h3><span style=\"font-size: medium;\">Im Jahr 2015 fing die Planung der neuen Pr\u00fcfhallen an und im Herbst\/Winter 2016 wurden die ersten Fundamente fertig gestellt. Die Montage der Stahlkonstruktion startete im Dezember 2016 und ging \u00fcber Weihnachten bis zum Fr\u00fchjahr 2017. Darauf folgten der Innenausbau und die neuen Fundamente f\u00fcr die Pr\u00fcfmaschinen.<br \/><\/span><\/h3>\n<p><span style=\"font-size: small;\"><\/span><\/p>\n<p>[\/et_pb_cta][\/et_pb_column][\/et_pb_row][et_pb_row column_structure=&#8220;1_2,1_2&#8243; use_custom_gutter=&#8220;on&#8220; gutter_width=&#8220;1&#8243; make_equal=&#8220;on&#8220; module_class=&#8220; et_pb_row_fullwidth&#8220; _builder_version=&#8220;3.27.4&#8243; background_size=&#8220;initial&#8220; background_position=&#8220;top_left&#8220; background_repeat=&#8220;repeat&#8220; width=&#8220;100%&#8220; width_tablet=&#8220;100%&#8220; width_phone=&#8220;&#8220; width_last_edited=&#8220;on|desktop&#8220; max_width=&#8220;100%&#8220; max_width_tablet=&#8220;100%&#8220; max_width_phone=&#8220;&#8220; max_width_last_edited=&#8220;on|desktop&#8220; custom_margin=&#8220;|||&#8220; custom_padding=&#8220;0px||0px|&#8220; animation_style=&#8220;flip&#8220; animation_direction=&#8220;left&#8220; animation_intensity_flip=&#8220;20%&#8220; make_fullwidth=&#8220;on&#8220; locked=&#8220;off&#8220;][et_pb_column type=&#8220;1_2&#8243; _builder_version=&#8220;3.27.4&#8243; background_color=&#8220;#f4f4f4&#8243; background_position=&#8220;top_left&#8220; custom_padding=&#8220;3%|6%|3%|10%|false|false&#8220; custom_padding_tablet=&#8220;&#8220; custom_padding_phone=&#8220;80px|10%|80px|10%&#8220; custom_padding_last_edited=&#8220;on|desktop&#8220; padding_phone=&#8220;80px|10%|80px|10%&#8220; padding_last_edited=&#8220;on|desktop&#8220; custom_padding__hover=&#8220;|||&#8220;][et_pb_divider divider_weight=&#8220;3px&#8220; disabled_on=&#8220;off|off|off&#8220; _builder_version=&#8220;3.27.4&#8243; background_color_gradient_direction=&#8220;90deg&#8220; max_width=&#8220;100px&#8220; module_alignment=&#8220;left&#8220; height=&#8220;5px&#8220; custom_margin=&#8220;||20px|&#8220; custom_padding=&#8220;||20px|&#8220; animation_style=&#8220;slide&#8220; animation_direction=&#8220;bottom&#8220; saved_tabs=&#8220;all&#8220; locked=&#8220;off&#8220;][\/et_pb_divider][et_pb_cta title=&#8220;E I N W E I H U N G S F E I E R  Pr\u00fcfhalle Kissing&#8220; button_url=&#8220;#&#8220; admin_label=&#8220;Feature 01&#8243; _builder_version=&#8220;3.27.4&#8243; header_font=&#8220;Montserrat||||&#8220; header_text_color=&#8220;#1f1f1f&#8220; header_font_size=&#8220;36&#8243; header_line_height=&#8220;1.4em&#8220; body_font_size=&#8220;16&#8243; body_line_height=&#8220;1.9em&#8220; use_background_color=&#8220;off&#8220; custom_button=&#8220;on&#8220; button_text_size=&#8220;18&#8243; button_text_color=&#8220;#ffffff&#8220; button_bg_color=&#8220;#6eba01&#8243; button_border_color=&#8220;#6eba01&#8243; button_border_radius=&#8220;0&#8243; button_letter_spacing=&#8220;2&#8243; button_font=&#8220;Montserrat|||on|&#8220; button_use_icon=&#8220;off&#8220; text_orientation=&#8220;left&#8220; background_layout=&#8220;light&#8220; max_width=&#8220;940px&#8220; module_alignment=&#8220;left&#8220; custom_margin=&#8220;|127px|||false|false&#8220; custom_padding=&#8220;|0px||||&#8220; animation_style=&#8220;fold&#8220; animation_direction=&#8220;bottom&#8220; animation_intensity_fold=&#8220;15%&#8220; button_text_color_hover=&#8220;#6eba01&#8243; button_border_color_hover=&#8220;#6eba01&#8243; button_border_radius_hover=&#8220;0&#8243; button_letter_spacing_hover=&#8220;2&#8243; button_bg_color_hover=&#8220;rgba(0,0,0,0)&#8220; saved_tabs=&#8220;all&#8220; locked=&#8220;off&#8220; button_text_size__hover_enabled=&#8220;off&#8220; button_one_text_size__hover_enabled=&#8220;off&#8220; button_two_text_size__hover_enabled=&#8220;off&#8220; button_text_color__hover_enabled=&#8220;on&#8220; button_text_color__hover=&#8220;#6eba01&#8243; button_one_text_color__hover_enabled=&#8220;off&#8220; button_two_text_color__hover_enabled=&#8220;off&#8220; button_border_width__hover_enabled=&#8220;off&#8220; button_one_border_width__hover_enabled=&#8220;off&#8220; button_two_border_width__hover_enabled=&#8220;off&#8220; button_border_color__hover_enabled=&#8220;on&#8220; button_border_color__hover=&#8220;#6eba01&#8243; button_one_border_color__hover_enabled=&#8220;off&#8220; button_two_border_color__hover_enabled=&#8220;off&#8220; button_border_radius__hover_enabled=&#8220;on&#8220; button_border_radius__hover=&#8220;0&#8243; button_one_border_radius__hover_enabled=&#8220;off&#8220; button_two_border_radius__hover_enabled=&#8220;off&#8220; button_letter_spacing__hover_enabled=&#8220;on&#8220; button_letter_spacing__hover=&#8220;2&#8243; button_one_letter_spacing__hover_enabled=&#8220;off&#8220; button_two_letter_spacing__hover_enabled=&#8220;off&#8220; button_bg_color__hover_enabled=&#8220;on&#8220; button_bg_color__hover=&#8220;rgba(0,0,0,0)&#8220; button_one_bg_color__hover_enabled=&#8220;off&#8220; button_two_bg_color__hover_enabled=&#8220;off&#8220;]<\/p>\n<h3><span style=\"font-size: medium;\">Am Freitag den <strong>01. Dezember 2017<\/strong> fand die Einweihungsfeier der neugebauten Pr\u00fcfhallen des Labor f\u00fcr Stahl- und Leichtmetallbau GmbH in Kissing statt. Unter den etwa 100 geladenen G\u00e4sten, befanden sich neben zahlreichen Professoren und Hochschulmitarbeitern, Vertreter der obersten Baubeh\u00f6rden, Industriepartnern und -kunden auch die Hochschulleitung sowie die am Bau beteiligten Firmen. Die Besucher wurden im Eingangsbereich von Halle 3 bei Getr\u00e4nken und Kaffee empfangen.<\/span><\/h3>\n<h3><span style=\"font-size: medium;\">Eingeleitet wurde die Er\u00f6ffnungsfeier durch den Dekan der Fakult\u00e4t 02, Herrn Professor Lothar Schmidt, welcher das anwesende Fachpublikum herzlich willkommen hie\u00df. Im Anschluss wurde von Herrn Gerd Bischoff, einem langj\u00e4hrigen Kollegen von Professor Bucak, eine Rede \u00fcber die Anf\u00e4nge der Forschung, vor allem im Bereich Glas- und Fassadenbau gehalten. Begr\u00fc\u00dfende Worte wurden auch von Volker H\u00fcller, dem Gesch\u00e4ftsf\u00fchrer des Deutschen Stahlbau Verbands und des Bauformstahls, ein guter Freund des Labors ausgesprochen. Abschlie\u00dfend hie\u00df Manfred Wolf, der B\u00fcrgermeister der Gemeinde Kissing, Herrn Bucak und das Labor f\u00fcr Stahl- und Leichtmetallbau GmbH in seiner Gemeinde herzlich willkommen und es erfolgte die obligatorische Schl\u00fcssel\u00fcbergabe durch den Hallenbauer, welcher seinen beruflichen Werdegang auch durch ein Studium an der Hochschule M\u00fcnchen begann.<\/span><\/h3>\n<h3><span style=\"font-size: medium;\">Anschlie\u00dfend hielt Herr Bucak seine Er\u00f6ffnungsrede. Dabei beschrieb er den Weg des Labors f\u00fcr Stahl- und Leichtmetallbau GmbH und sein Handeln an der Hochschule M\u00fcnchen von seiner Gr\u00fcndung bis zum heutigen Tag in einigen Beispielen und brachte das Publikum dabei h\u00e4ufig zum Schmunzeln. Die abschlie\u00dfenden Schlussworte wurden von Herrn Professor Christian Schuler, einem der drei Nachfolger von Herrn Bucak, gehalten. Als Dankesch\u00f6n f\u00fcr den unendlichen Einsatz wurde Herrn Bucak eine extra unter Zusammenarbeit des Betonlabors und des Labors f\u00fcr Stahl- und Leichtmetallbau angefertigte B\u00fcste \u00fcberreicht.<\/span><\/h3>\n<h3><span style=\"font-size: medium;\">Nach den Er\u00f6ffnungsreden wurden die G\u00e4ste durch die beiden neugebauten Hallen gef\u00fchrt. Neben zahlreichen Vorf\u00fchrungen von Bauteilversuchen und Infoplakaten der aktuell laufenden Forschungsvorhaben wurden den Besuchern ein Erm\u00fcdungsversuch an einem Rundprofilknotengro\u00dfbauteil durch Herrn Professor D\u00fcrr und Herrn Rodic pr\u00e4sentiert. Mit einem anschlie\u00dfenden Festessen bei bayrischer Gem\u00fctlichkeit fand die Er\u00f6ffnungsfeier einen zufriedenstellenden Abschluss.<\/span><\/h3>\n<p><span style=\"font-size: large;\"><\/span><\/p>\n<p>[\/et_pb_cta][\/et_pb_column][et_pb_column type=&#8220;1_2&#8243; _builder_version=&#8220;3.27.4&#8243; background_enable_image=&#8220;off&#8220; background_position=&#8220;top_left&#8220; custom_padding=&#8220;|||&#8220; custom_padding__hover=&#8220;|||&#8220;][et_pb_image src=&#8220;http:\/\/test.laborsl.de\/wp-content\/uploads\/2019\/09\/DSC02302-copy-1.jpg&#8220; _builder_version=&#8220;3.29.3&#8243; width=&#8220;100%&#8220;][\/et_pb_image][\/et_pb_column][\/et_pb_row][\/et_pb_section][et_pb_section fb_built=&#8220;1&#8243; _builder_version=&#8220;4.4.2&#8243;][et_pb_row _builder_version=&#8220;4.4.2&#8243;][et_pb_column type=&#8220;4_4&#8243; _builder_version=&#8220;4.4.2&#8243;][et_pb_gallery gallery_ids=&#8220;242,245,243,246,244&#8243; show_title_and_caption=&#8220;off&#8220; _builder_version=&#8220;4.4.2&#8243;][\/et_pb_gallery][\/et_pb_column][\/et_pb_row][\/et_pb_section]<\/p>\n","protected":false},"excerpt":{"rendered":"<p>Die Labor f\u00fcr Stahl- und Leichtmetallbau wurde im Jahre 1996 von Prof. Dr. Ing. \u00d6mer Bucak an der Fachhochschule M\u00fcnchen gegr\u00fcndet. Die ersten Standardversuche fanden an der sogenannten &#8222;Stahlbausammlung&#8220; der FH mit einer 100kN-Schenck-Trebel-Maschine statt. F\u00fcr die Gro\u00dfversuche und Bauteilversuche stand die Freifl\u00e4che vor der Schlosserei im Keller der FH M\u00fcnchen an der Karlstr. 6 [&hellip;]<\/p>\n","protected":false},"author":1,"featured_media":0,"parent":190,"menu_order":0,"comment_status":"closed","ping_status":"closed","template":"","meta":{"_et_pb_use_builder":"on","_et_pb_old_content":"","_et_gb_content_width":"","footnotes":""},"class_list":["post-219","page","type-page","status-publish","hentry"],"_links":{"self":[{"href":"https:\/\/www.laborsl.de\/index.php?rest_route=\/wp\/v2\/pages\/219","targetHints":{"allow":["GET"]}}],"collection":[{"href":"https:\/\/www.laborsl.de\/index.php?rest_route=\/wp\/v2\/pages"}],"about":[{"href":"https:\/\/www.laborsl.de\/index.php?rest_route=\/wp\/v2\/types\/page"}],"author":[{"embeddable":true,"href":"https:\/\/www.laborsl.de\/index.php?rest_route=\/wp\/v2\/users\/1"}],"replies":[{"embeddable":true,"href":"https:\/\/www.laborsl.de\/index.php?rest_route=%2Fwp%2Fv2%2Fcomments&post=219"}],"version-history":[{"count":26,"href":"https:\/\/www.laborsl.de\/index.php?rest_route=\/wp\/v2\/pages\/219\/revisions"}],"predecessor-version":[{"id":853,"href":"https:\/\/www.laborsl.de\/index.php?rest_route=\/wp\/v2\/pages\/219\/revisions\/853"}],"up":[{"embeddable":true,"href":"https:\/\/www.laborsl.de\/index.php?rest_route=\/wp\/v2\/pages\/190"}],"wp:attachment":[{"href":"https:\/\/www.laborsl.de\/index.php?rest_route=%2Fwp%2Fv2%2Fmedia&parent=219"}],"curies":[{"name":"wp","href":"https:\/\/api.w.org\/{rel}","templated":true}]}}